{"id":624,"date":"2021-02-13T20:18:38","date_gmt":"2021-02-13T18:18:38","guid":{"rendered":"https:\/\/shop.motopesek52.com\/product\/gp-0-160-black\/"},"modified":"2023-01-16T19:56:32","modified_gmt":"2023-01-16T17:56:32","slug":"gp-0-160-black","status":"publish","type":"product","link":"https:\/\/shop.motopesek52.com\/en\/product\/gp-0-160-black\/","title":{"rendered":"GP-0 160 &#8211; black"},"content":{"rendered":"<p><strong>ODPRU\u017dEN\u00cd<\/strong><br \/>\n\u2205 Vidlice 33 mm Upside down<br \/>\nMonoshock s nastaven\u00edm na zadn\u00ed stran\u011b Ohvale pln\u011b nastaviteln\u00fd: hydraulick\u00e9 stla\u010den\u00ed a tlumen\u00ed odskoku, rozvor pru\u017einy<br \/>\nHlin\u00edkov\u00e9 zadn\u00ed oto\u010dn\u00e9 rameno<\/p>\n<p><strong>BRZDY<\/strong><br \/>\nP\u0159edn\u00ed brzdov\u00fd syst\u00e9m Formula s monoblokov\u00fdm radi\u00e1ln\u00edm t\u0159menem se 4 p\u00edsty<br \/>\nZadn\u00ed brzdov\u00fd syst\u00e9m zna\u010dky Formula s radi\u00e1ln\u00edm t\u0159menem se 2 p\u00edsty<\/p>\n<p><strong>V\u00ddFUK<\/strong><br \/>\nV\u00fdfukov\u00e9 potrub\u00ed vedeno pod sedlem, titanov\u00e1 tlumivka v\u00fdfuku Arrow<\/p>\n<p><strong>MOTOR<\/strong><br \/>\nMotor ZS 160cc 4 rychlosti 4 takt, 155,5cc<br \/>\nKarbur\u00e1tor KF-PZ 27<\/p>\n<p><strong>KOLA<\/strong><br \/>\nKolo Ohvale p\u0159edn\u00ed 2,50 \u00d7 10 \u2033 \/ zadn\u00ed 3,00 \u00d7 10 \u2033<\/p>\n<p><strong>P\u0158EVOD<\/strong><br \/>\nP\u0159evodov\u00fd pom\u011br 35\/16<\/p>\n<p><strong>BARVY<\/strong><br \/>\nZ\u00e1vodn\u00ed grafika vyvinut\u00e1 Ohvale, varianta B\u00edl\u00e1-\u010cern\u00e1<\/p>\n","protected":false},"excerpt":{"rendered":"<p>ODPRU\u017dEN\u00cd \u2205 Vidlice 33 mm Upside down Monoshock s nastaven\u00edm na zadn\u00ed stran\u011b Ohvale pln\u011b nastaviteln\u00fd: hydraulick\u00e9 stla\u010den\u00ed a tlumen\u00ed odskoku, rozvor pru\u017einy Hlin\u00edkov\u00e9 zadn\u00ed oto\u010dn\u00e9 rameno BRZDY P\u0159edn\u00ed brzdov\u00fd syst\u00e9m Formula s monoblokov\u00fdm radi\u00e1ln\u00edm t\u0159menem se 4 p\u00edsty Zadn\u00ed brzdov\u00fd syst\u00e9m zna\u010dky Formula s radi\u00e1ln\u00edm t\u0159menem se 2 p\u00edsty V\u00ddFUK V\u00fdfukov\u00e9 potrub\u00ed vedeno pod [&hellip;]<\/p>\n","protected":false},"featured_media":73,"template":"","meta":[],"product_brand":[],"product_cat":[71,42],"product_tag":[],"class_list":{"0":"post-624","1":"product","2":"type-product","3":"status-publish","4":"has-post-thumbnail","6":"product_cat-gp-0-160-4s-en","7":"product_cat-motorcycles","9":"first","10":"instock","11":"taxable","12":"shipping-taxable","13":"purchasable","14":"product-type-simple"},"yoast_head":"<!-- This site is optimized with the Yoast SEO plugin v26.7 - https:\/\/yoast.com\/wordpress\/plugins\/seo\/ -->\n<title>GP-0 160 - black - OHVALE<\/title>\n<meta name=\"description\" content=\"Jedin\u00fd ofici\u00e1ln\u00ed prodejce a dodavatel Ohvale motocykl\u016f a p\u0159\u00edslu\u0161enstv\u00ed v \u010cesk\u00e9 republice na Slovensku a Polsku.\" \/>\n<meta name=\"robots\" content=\"index, follow, max-snippet:-1, max-image-preview:large, max-video-preview:-1\" \/>\n<link rel=\"canonical\" href=\"https:\/\/shop.motopesek52.com\/en\/product\/gp-0-160-black\/\" \/>\n<meta property=\"og:locale\" content=\"en_US\" \/>\n<meta property=\"og:type\" content=\"article\" \/>\n<meta property=\"og:title\" content=\"GP-0 160 - black - OHVALE\" \/>\n<meta property=\"og:description\" content=\"Jedin\u00fd ofici\u00e1ln\u00ed prodejce a dodavatel Ohvale motocykl\u016f a p\u0159\u00edslu\u0161enstv\u00ed v \u010cesk\u00e9 republice na Slovensku a Polsku.\" \/>\n<meta property=\"og:url\" content=\"https:\/\/shop.motopesek52.com\/en\/product\/gp-0-160-black\/\" \/>\n<meta property=\"og:site_name\" content=\"OHVALE\" \/>\n<meta property=\"article:modified_time\" content=\"2023-01-16T17:56:32+00:00\" \/>\n<meta property=\"og:image\" content=\"https:\/\/shop.motopesek52.com\/wp-content\/uploads\/2021\/01\/160-N-scaled.jpg\" \/>\n\t<meta property=\"og:image:width\" content=\"2560\" \/>\n\t<meta property=\"og:image:height\" content=\"1753\" \/>\n\t<meta property=\"og:image:type\" content=\"image\/jpeg\" \/>\n<meta name=\"twitter:card\" content=\"summary_large_image\" \/>\n<meta name=\"twitter:label1\" content=\"Est. reading time\" \/>\n\t<meta name=\"twitter:data1\" content=\"1 minute\" \/>\n<script type=\"application\/ld+json\" class=\"yoast-schema-graph\">{\"@context\":\"https:\/\/schema.org\",\"@graph\":[{\"@type\":\"WebPage\",\"@id\":\"https:\/\/shop.motopesek52.com\/en\/product\/gp-0-160-black\/\",\"url\":\"https:\/\/shop.motopesek52.com\/en\/product\/gp-0-160-black\/\",\"name\":\"GP-0 160 - black - OHVALE\",\"isPartOf\":{\"@id\":\"https:\/\/shop.motopesek52.com\/en\/#website\"},\"primaryImageOfPage\":{\"@id\":\"https:\/\/shop.motopesek52.com\/en\/product\/gp-0-160-black\/#primaryimage\"},\"image\":{\"@id\":\"https:\/\/shop.motopesek52.com\/en\/product\/gp-0-160-black\/#primaryimage\"},\"thumbnailUrl\":\"https:\/\/shop.motopesek52.com\/wp-content\/uploads\/2021\/01\/160-N-scaled.jpg\",\"datePublished\":\"2021-02-13T18:18:38+00:00\",\"dateModified\":\"2023-01-16T17:56:32+00:00\",\"description\":\"Jedin\u00fd ofici\u00e1ln\u00ed prodejce a dodavatel Ohvale motocykl\u016f a p\u0159\u00edslu\u0161enstv\u00ed v \u010cesk\u00e9 republice na Slovensku a Polsku.\",\"breadcrumb\":{\"@id\":\"https:\/\/shop.motopesek52.com\/en\/product\/gp-0-160-black\/#breadcrumb\"},\"inLanguage\":\"en-US\",\"potentialAction\":[{\"@type\":\"ReadAction\",\"target\":[\"https:\/\/shop.motopesek52.com\/en\/product\/gp-0-160-black\/\"]}]},{\"@type\":\"ImageObject\",\"inLanguage\":\"en-US\",\"@id\":\"https:\/\/shop.motopesek52.com\/en\/product\/gp-0-160-black\/#primaryimage\",\"url\":\"https:\/\/shop.motopesek52.com\/wp-content\/uploads\/2021\/01\/160-N-scaled.jpg\",\"contentUrl\":\"https:\/\/shop.motopesek52.com\/wp-content\/uploads\/2021\/01\/160-N-scaled.jpg\",\"width\":2560,\"height\":1753},{\"@type\":\"BreadcrumbList\",\"@id\":\"https:\/\/shop.motopesek52.com\/en\/product\/gp-0-160-black\/#breadcrumb\",\"itemListElement\":[{\"@type\":\"ListItem\",\"position\":1,\"name\":\"Dom\u016f\",\"item\":\"https:\/\/shop.motopesek52.com\/en\/\"},{\"@type\":\"ListItem\",\"position\":2,\"name\":\"Shop\",\"item\":\"https:\/\/shop.motopesek52.com\/cs\/shop-2\/\"},{\"@type\":\"ListItem\",\"position\":3,\"name\":\"GP-0 160 &#8211; black\"}]},{\"@type\":\"WebSite\",\"@id\":\"https:\/\/shop.motopesek52.com\/en\/#website\",\"url\":\"https:\/\/shop.motopesek52.com\/en\/\",\"name\":\"OHVALE\",\"description\":\"popis webu\",\"publisher\":{\"@id\":\"https:\/\/shop.motopesek52.com\/en\/#organization\"},\"potentialAction\":[{\"@type\":\"SearchAction\",\"target\":{\"@type\":\"EntryPoint\",\"urlTemplate\":\"https:\/\/shop.motopesek52.com\/en\/?s={search_term_string}\"},\"query-input\":{\"@type\":\"PropertyValueSpecification\",\"valueRequired\":true,\"valueName\":\"search_term_string\"}}],\"inLanguage\":\"en-US\"},{\"@type\":\"Organization\",\"@id\":\"https:\/\/shop.motopesek52.com\/en\/#organization\",\"name\":\"OHVALE\",\"url\":\"https:\/\/shop.motopesek52.com\/en\/\",\"logo\":{\"@type\":\"ImageObject\",\"inLanguage\":\"en-US\",\"@id\":\"https:\/\/shop.motopesek52.com\/en\/#\/schema\/logo\/image\/\",\"url\":\"https:\/\/shop.motopesek52.com\/wp-content\/uploads\/2021\/03\/WhatsApp-Image-2021-03-26-at-09.05.56.jpeg\",\"contentUrl\":\"https:\/\/shop.motopesek52.com\/wp-content\/uploads\/2021\/03\/WhatsApp-Image-2021-03-26-at-09.05.56.jpeg\",\"width\":1024,\"height\":1024,\"caption\":\"OHVALE\"},\"image\":{\"@id\":\"https:\/\/shop.motopesek52.com\/en\/#\/schema\/logo\/image\/\"}}]}<\/script>\n<!-- \/ Yoast SEO plugin. -->","yoast_head_json":{"title":"GP-0 160 - black - OHVALE","description":"Jedin\u00fd ofici\u00e1ln\u00ed prodejce a dodavatel Ohvale motocykl\u016f a p\u0159\u00edslu\u0161enstv\u00ed v \u010cesk\u00e9 republice na Slovensku a Polsku.","robots":{"index":"index","follow":"follow","max-snippet":"max-snippet:-1","max-image-preview":"max-image-preview:large","max-video-preview":"max-video-preview:-1"},"canonical":"https:\/\/shop.motopesek52.com\/en\/product\/gp-0-160-black\/","og_locale":"en_US","og_type":"article","og_title":"GP-0 160 - black - OHVALE","og_description":"Jedin\u00fd ofici\u00e1ln\u00ed prodejce a dodavatel Ohvale motocykl\u016f a p\u0159\u00edslu\u0161enstv\u00ed v \u010cesk\u00e9 republice na Slovensku a Polsku.","og_url":"https:\/\/shop.motopesek52.com\/en\/product\/gp-0-160-black\/","og_site_name":"OHVALE","article_modified_time":"2023-01-16T17:56:32+00:00","og_image":[{"width":2560,"height":1753,"url":"https:\/\/shop.motopesek52.com\/wp-content\/uploads\/2021\/01\/160-N-scaled.jpg","type":"image\/jpeg"}],"twitter_card":"summary_large_image","twitter_misc":{"Est. reading time":"1 minute"},"schema":{"@context":"https:\/\/schema.org","@graph":[{"@type":"WebPage","@id":"https:\/\/shop.motopesek52.com\/en\/product\/gp-0-160-black\/","url":"https:\/\/shop.motopesek52.com\/en\/product\/gp-0-160-black\/","name":"GP-0 160 - black - OHVALE","isPartOf":{"@id":"https:\/\/shop.motopesek52.com\/en\/#website"},"primaryImageOfPage":{"@id":"https:\/\/shop.motopesek52.com\/en\/product\/gp-0-160-black\/#primaryimage"},"image":{"@id":"https:\/\/shop.motopesek52.com\/en\/product\/gp-0-160-black\/#primaryimage"},"thumbnailUrl":"https:\/\/shop.motopesek52.com\/wp-content\/uploads\/2021\/01\/160-N-scaled.jpg","datePublished":"2021-02-13T18:18:38+00:00","dateModified":"2023-01-16T17:56:32+00:00","description":"Jedin\u00fd ofici\u00e1ln\u00ed prodejce a dodavatel Ohvale motocykl\u016f a p\u0159\u00edslu\u0161enstv\u00ed v \u010cesk\u00e9 republice na Slovensku a Polsku.","breadcrumb":{"@id":"https:\/\/shop.motopesek52.com\/en\/product\/gp-0-160-black\/#breadcrumb"},"inLanguage":"en-US","potentialAction":[{"@type":"ReadAction","target":["https:\/\/shop.motopesek52.com\/en\/product\/gp-0-160-black\/"]}]},{"@type":"ImageObject","inLanguage":"en-US","@id":"https:\/\/shop.motopesek52.com\/en\/product\/gp-0-160-black\/#primaryimage","url":"https:\/\/shop.motopesek52.com\/wp-content\/uploads\/2021\/01\/160-N-scaled.jpg","contentUrl":"https:\/\/shop.motopesek52.com\/wp-content\/uploads\/2021\/01\/160-N-scaled.jpg","width":2560,"height":1753},{"@type":"BreadcrumbList","@id":"https:\/\/shop.motopesek52.com\/en\/product\/gp-0-160-black\/#breadcrumb","itemListElement":[{"@type":"ListItem","position":1,"name":"Dom\u016f","item":"https:\/\/shop.motopesek52.com\/en\/"},{"@type":"ListItem","position":2,"name":"Shop","item":"https:\/\/shop.motopesek52.com\/cs\/shop-2\/"},{"@type":"ListItem","position":3,"name":"GP-0 160 &#8211; black"}]},{"@type":"WebSite","@id":"https:\/\/shop.motopesek52.com\/en\/#website","url":"https:\/\/shop.motopesek52.com\/en\/","name":"OHVALE","description":"popis webu","publisher":{"@id":"https:\/\/shop.motopesek52.com\/en\/#organization"},"potentialAction":[{"@type":"SearchAction","target":{"@type":"EntryPoint","urlTemplate":"https:\/\/shop.motopesek52.com\/en\/?s={search_term_string}"},"query-input":{"@type":"PropertyValueSpecification","valueRequired":true,"valueName":"search_term_string"}}],"inLanguage":"en-US"},{"@type":"Organization","@id":"https:\/\/shop.motopesek52.com\/en\/#organization","name":"OHVALE","url":"https:\/\/shop.motopesek52.com\/en\/","logo":{"@type":"ImageObject","inLanguage":"en-US","@id":"https:\/\/shop.motopesek52.com\/en\/#\/schema\/logo\/image\/","url":"https:\/\/shop.motopesek52.com\/wp-content\/uploads\/2021\/03\/WhatsApp-Image-2021-03-26-at-09.05.56.jpeg","contentUrl":"https:\/\/shop.motopesek52.com\/wp-content\/uploads\/2021\/03\/WhatsApp-Image-2021-03-26-at-09.05.56.jpeg","width":1024,"height":1024,"caption":"OHVALE"},"image":{"@id":"https:\/\/shop.motopesek52.com\/en\/#\/schema\/logo\/image\/"}}]}},"jetpack_sharing_enabled":true,"_links":{"self":[{"href":"https:\/\/shop.motopesek52.com\/en\/wp-json\/wp\/v2\/product\/624","targetHints":{"allow":["GET"]}}],"collection":[{"href":"https:\/\/shop.motopesek52.com\/en\/wp-json\/wp\/v2\/product"}],"about":[{"href":"https:\/\/shop.motopesek52.com\/en\/wp-json\/wp\/v2\/types\/product"}],"wp:featuredmedia":[{"embeddable":true,"href":"https:\/\/shop.motopesek52.com\/en\/wp-json\/wp\/v2\/media\/73"}],"wp:attachment":[{"href":"https:\/\/shop.motopesek52.com\/en\/wp-json\/wp\/v2\/media?parent=624"}],"wp:term":[{"taxonomy":"product_brand","embeddable":true,"href":"https:\/\/shop.motopesek52.com\/en\/wp-json\/wp\/v2\/product_brand?post=624"},{"taxonomy":"product_cat","embeddable":true,"href":"https:\/\/shop.motopesek52.com\/en\/wp-json\/wp\/v2\/product_cat?post=624"},{"taxonomy":"product_tag","embeddable":true,"href":"https:\/\/shop.motopesek52.com\/en\/wp-json\/wp\/v2\/product_tag?post=624"}],"curies":[{"name":"wp","href":"https:\/\/api.w.org\/{rel}","templated":true}]}}