{"id":1126,"date":"2023-04-02T20:59:34","date_gmt":"2023-04-02T18:59:34","guid":{"rendered":"https:\/\/shop.motopesek52.com\/?post_type=product&#038;p=1126"},"modified":"2024-04-22T12:50:49","modified_gmt":"2024-04-22T10:50:49","slug":"gp-0-110-4s-evo-black","status":"publish","type":"product","link":"https:\/\/shop.motopesek52.com\/en\/product\/gp-0-110-4s-evo-black\/","title":{"rendered":"GP-0 110 4S EVO &#8211; black"},"content":{"rendered":"<p><strong>OHVALE GP-0 110 4 SPEED EVO &#8211; MY 2022<\/strong><br \/>\n<strong>Typ motoru<\/strong> &#8211; ZS Horizont\u00e1ln\u00ed jednov\u00e1lec-4-taktn\u00ed-Chlazen\u00ed vzduchem<br \/>\n<strong>Ovl\u00e1d\u00e1n\u00ed ventil\u016f<\/strong> &#8211; Jedin\u00fd va\u010dkov\u00fd h\u0159\u00eddel- SOHC Dva ventily<br \/>\n<strong>Palivo<\/strong> &#8211; Bezolovnat\u00fd benz\u00edn (N.O. min 95) Vrt\u00e1n\u00ed a zdvih &#8211; 54 mm x 49,5<br \/>\n<strong>Zdvihov\u00fd objem<\/strong> &#8211; 113,3 cc<br \/>\n<strong>Palivov\u00fd syst\u00e9m<\/strong> &#8211; Karbur\u00e1tor Dell&#8217;Orto PHBL 24 &#8211; vyhrazen\u00e9 nastaven\u00ed<br \/>\n<strong>Zapalov\u00e1n\u00ed<\/strong> &#8211; Elektronick\u00e9, Extern\u00ed zapalovac\u00ed sv\u00ed\u010dka a c\u00edvka<br \/>\n<strong>Start\u00e9r<\/strong> &#8211; Nakop\u00e1vac\u00ed start\u00e9r<br \/>\n<strong>V\u00fdfukov\u00fd syst\u00e9m<\/strong> &#8211; V\u00fdfukov\u00e9 potrub\u00ed z nerezov\u00e9 oceli. Pod sedlov\u00fd jednoduch\u00fd tlumi\u010d Arrow v titanu. Pouzdro p\u0159ipraven\u00e9 na sn\u00ed\u017een\u00ed hluku (db killer) Maz\u00e1n\u00ed &#8211; Syst\u00e9m maz\u00e1n\u00ed mokr\u00e9 j\u00edmky.<br \/>\nMno\u017estv\u00ed oleje: 0,8l <strong>P\u0159evodovka<\/strong> &#8211; 4 rychlostn\u00ed N-1-2-3-4<br \/>\n<strong>Spojka<\/strong> &#8211; 4 \u2013 lamelov\u00e1 mokr\u00e1 spojka<br \/>\n<strong>Prim\u00e1rn\u00ed pohon<\/strong> &#8211; P\u0159evody<br \/>\n<strong>Sekund\u00e1rn\u00ed pohon<\/strong> &#8211; Regina \u0158et\u011bz zlat\u00e1 \u0159ada P\u0159evodov\u00fd pom\u011br 35\/14 (2 500)<br \/>\n<strong>R\u00e1m<\/strong> &#8211; Trubkov\u00fd ocelov\u00fd m\u0159\u00ed\u017eov\u00fd r\u00e1m<br \/>\n<strong>P\u0159edn\u00ed odpru\u017een\u00ed<\/strong> &#8211; 33mm upside down vidlice- CNC no\u017en\u00ed vidlice s \u010depem kola v ose<br \/>\n<strong>Zadn\u00ed odpru\u017een\u00ed<\/strong> &#8211; Hlin\u00edkov\u00e9 kyvn\u00e9 rameno. Monoshock s piggy-back \u2013<br \/>\nPln\u011b nastaviteln\u00fd: hydraulick\u00e1 komprese a tlumen\u00ed odskoku, p\u0159edp\u011bt\u00ed pru\u017einy, rozvor.<br \/>\nPru\u017eina K 140<br \/>\n<strong>P\u0159edn\u00ed brzda<\/strong> &#8211; Jednokotou\u010dov\u00e1 \u00d8 180mm. Monoblokov\u00fd radi\u00e1ln\u00ed t\u0159men se 4 p\u00edstky &#8211; Assi\u00e1ln\u00ed \u010derpadlo s integrovanou n\u00e1dr\u017e\u00ed a kovovou opletenou hadic\u00ed.<\/p>\n<p><strong>Zadn\u00ed brzda<\/strong> &#8211; Jednokotou\u010dov\u00e1 \u00d8 155 mm. Radi\u00e1ln\u00ed t\u0159men se 2 p\u00edstky. Pumpa s integrovanou n\u00e1dr\u017e\u00ed a kovovou opletenou hadic\u00ed<br \/>\n<strong>R\u00e1fky<\/strong> &#8211; Kola z hlin\u00edkov\u00e9 slitiny.<br \/>\nP\u0159edn\u00ed 2,50 x 10&#8243;, Zadn\u00ed 3,00 x 10&#8243; pneumatiky &#8211; Bezdu\u0161ov\u00e9. P\u0159edn\u00ed 100\/85-10 \/\/ 100\/80-10, Zadn\u00ed 120\/80 &#8211; 10<br \/>\n<strong>Rozm\u011bry (v\u00fdchoz\u00ed nastaven\u00ed)<\/strong> &#8211; Max. d\u00e9lka: 1500 mm &#8211; Max. \u0161\u00ed\u0159ka: 630mm (u \u0159\u00edd\u00edtek) &#8211; Max. v\u00fd\u0161ka: 790 mm<br \/>\nSuch\u00e1 hmotnost &#8211; 64 Kg*<br \/>\n<strong>Objem palivov\u00e9 n\u00e1dr\u017ee<\/strong> &#8211; 3,5 litru * deklarovan\u00e1 hmotnost such\u00e1, bez kapaliny<\/p>\n","protected":false},"excerpt":{"rendered":"<p>OHVALE GP-0 110 4 SPEED EVO &#8211; MY 2022 Typ motoru &#8211; ZS Horizont\u00e1ln\u00ed jednov\u00e1lec-4-taktn\u00ed-Chlazen\u00ed vzduchem Ovl\u00e1d\u00e1n\u00ed ventil\u016f &#8211; Jedin\u00fd va\u010dkov\u00fd h\u0159\u00eddel- SOHC Dva ventily Palivo &#8211; Bezolovnat\u00fd benz\u00edn (N.O. min 95) Vrt\u00e1n\u00ed a zdvih &#8211; 54 mm x 49,5 Zdvihov\u00fd objem &#8211; 113,3 cc Palivov\u00fd syst\u00e9m &#8211; Karbur\u00e1tor Dell&#8217;Orto PHBL 24 &#8211; vyhrazen\u00e9 nastaven\u00ed [&hellip;]<\/p>\n","protected":false},"featured_media":1122,"template":"","meta":[],"product_brand":[],"product_cat":[72,42],"product_tag":[],"class_list":{"0":"post-1126","1":"product","2":"type-product","3":"status-publish","4":"has-post-thumbnail","6":"product_cat-gp-0-110-4s-en","7":"product_cat-motorcycles","9":"first","10":"onbackorder","11":"taxable","12":"shipping-taxable","13":"purchasable","14":"product-type-simple"},"yoast_head":"<!-- This site is optimized with the Yoast SEO plugin v26.7 - https:\/\/yoast.com\/wordpress\/plugins\/seo\/ -->\n<title>GP-0 110 4S EVO - black - OHVALE<\/title>\n<meta name=\"description\" content=\"Jedin\u00fd ofici\u00e1ln\u00ed prodejce a dodavatel Ohvale motocykl\u016f a p\u0159\u00edslu\u0161enstv\u00ed v \u010cesk\u00e9 republice na Slovensku a Polsku.\" \/>\n<meta name=\"robots\" content=\"index, follow, max-snippet:-1, max-image-preview:large, max-video-preview:-1\" \/>\n<link rel=\"canonical\" href=\"https:\/\/shop.motopesek52.com\/en\/product\/gp-0-110-4s-evo-black\/\" \/>\n<meta property=\"og:locale\" content=\"en_US\" \/>\n<meta property=\"og:type\" content=\"article\" \/>\n<meta property=\"og:title\" content=\"GP-0 110 4S EVO - black - OHVALE\" \/>\n<meta property=\"og:description\" content=\"Jedin\u00fd ofici\u00e1ln\u00ed prodejce a dodavatel Ohvale motocykl\u016f a p\u0159\u00edslu\u0161enstv\u00ed v \u010cesk\u00e9 republice na Slovensku a Polsku.\" \/>\n<meta property=\"og:url\" content=\"https:\/\/shop.motopesek52.com\/en\/product\/gp-0-110-4s-evo-black\/\" \/>\n<meta property=\"og:site_name\" content=\"OHVALE\" \/>\n<meta property=\"article:modified_time\" content=\"2024-04-22T10:50:49+00:00\" \/>\n<meta property=\"og:image\" content=\"https:\/\/shop.motopesek52.com\/wp-content\/uploads\/2023\/04\/110ccEVO_Black-1024x701.png\" \/>\n\t<meta property=\"og:image:width\" content=\"1024\" \/>\n\t<meta property=\"og:image:height\" content=\"701\" \/>\n\t<meta property=\"og:image:type\" content=\"image\/png\" \/>\n<meta name=\"twitter:card\" content=\"summary_large_image\" \/>\n<meta name=\"twitter:label1\" content=\"Est. reading time\" \/>\n\t<meta name=\"twitter:data1\" content=\"2 minutes\" \/>\n<script type=\"application\/ld+json\" class=\"yoast-schema-graph\">{\"@context\":\"https:\/\/schema.org\",\"@graph\":[{\"@type\":\"WebPage\",\"@id\":\"https:\/\/shop.motopesek52.com\/en\/product\/gp-0-110-4s-evo-black\/\",\"url\":\"https:\/\/shop.motopesek52.com\/en\/product\/gp-0-110-4s-evo-black\/\",\"name\":\"GP-0 110 4S EVO - black - OHVALE\",\"isPartOf\":{\"@id\":\"https:\/\/shop.motopesek52.com\/en\/#website\"},\"primaryImageOfPage\":{\"@id\":\"https:\/\/shop.motopesek52.com\/en\/product\/gp-0-110-4s-evo-black\/#primaryimage\"},\"image\":{\"@id\":\"https:\/\/shop.motopesek52.com\/en\/product\/gp-0-110-4s-evo-black\/#primaryimage\"},\"thumbnailUrl\":\"https:\/\/shop.motopesek52.com\/wp-content\/uploads\/2023\/04\/110ccEVO_Black.png\",\"datePublished\":\"2023-04-02T18:59:34+00:00\",\"dateModified\":\"2024-04-22T10:50:49+00:00\",\"description\":\"Jedin\u00fd ofici\u00e1ln\u00ed prodejce a dodavatel Ohvale motocykl\u016f a p\u0159\u00edslu\u0161enstv\u00ed v \u010cesk\u00e9 republice na Slovensku a Polsku.\",\"breadcrumb\":{\"@id\":\"https:\/\/shop.motopesek52.com\/en\/product\/gp-0-110-4s-evo-black\/#breadcrumb\"},\"inLanguage\":\"en-US\",\"potentialAction\":[{\"@type\":\"ReadAction\",\"target\":[\"https:\/\/shop.motopesek52.com\/en\/product\/gp-0-110-4s-evo-black\/\"]}]},{\"@type\":\"ImageObject\",\"inLanguage\":\"en-US\",\"@id\":\"https:\/\/shop.motopesek52.com\/en\/product\/gp-0-110-4s-evo-black\/#primaryimage\",\"url\":\"https:\/\/shop.motopesek52.com\/wp-content\/uploads\/2023\/04\/110ccEVO_Black.png\",\"contentUrl\":\"https:\/\/shop.motopesek52.com\/wp-content\/uploads\/2023\/04\/110ccEVO_Black.png\",\"width\":2808,\"height\":1923},{\"@type\":\"BreadcrumbList\",\"@id\":\"https:\/\/shop.motopesek52.com\/en\/product\/gp-0-110-4s-evo-black\/#breadcrumb\",\"itemListElement\":[{\"@type\":\"ListItem\",\"position\":1,\"name\":\"Dom\u016f\",\"item\":\"https:\/\/shop.motopesek52.com\/en\/\"},{\"@type\":\"ListItem\",\"position\":2,\"name\":\"Shop\",\"item\":\"https:\/\/shop.motopesek52.com\/cs\/shop-2\/\"},{\"@type\":\"ListItem\",\"position\":3,\"name\":\"GP-0 110 4S EVO &#8211; black\"}]},{\"@type\":\"WebSite\",\"@id\":\"https:\/\/shop.motopesek52.com\/en\/#website\",\"url\":\"https:\/\/shop.motopesek52.com\/en\/\",\"name\":\"OHVALE\",\"description\":\"popis webu\",\"publisher\":{\"@id\":\"https:\/\/shop.motopesek52.com\/en\/#organization\"},\"potentialAction\":[{\"@type\":\"SearchAction\",\"target\":{\"@type\":\"EntryPoint\",\"urlTemplate\":\"https:\/\/shop.motopesek52.com\/en\/?s={search_term_string}\"},\"query-input\":{\"@type\":\"PropertyValueSpecification\",\"valueRequired\":true,\"valueName\":\"search_term_string\"}}],\"inLanguage\":\"en-US\"},{\"@type\":\"Organization\",\"@id\":\"https:\/\/shop.motopesek52.com\/en\/#organization\",\"name\":\"OHVALE\",\"url\":\"https:\/\/shop.motopesek52.com\/en\/\",\"logo\":{\"@type\":\"ImageObject\",\"inLanguage\":\"en-US\",\"@id\":\"https:\/\/shop.motopesek52.com\/en\/#\/schema\/logo\/image\/\",\"url\":\"https:\/\/shop.motopesek52.com\/wp-content\/uploads\/2021\/03\/WhatsApp-Image-2021-03-26-at-09.05.56.jpeg\",\"contentUrl\":\"https:\/\/shop.motopesek52.com\/wp-content\/uploads\/2021\/03\/WhatsApp-Image-2021-03-26-at-09.05.56.jpeg\",\"width\":1024,\"height\":1024,\"caption\":\"OHVALE\"},\"image\":{\"@id\":\"https:\/\/shop.motopesek52.com\/en\/#\/schema\/logo\/image\/\"}}]}<\/script>\n<!-- \/ Yoast SEO plugin. -->","yoast_head_json":{"title":"GP-0 110 4S EVO - black - OHVALE","description":"Jedin\u00fd ofici\u00e1ln\u00ed prodejce a dodavatel Ohvale motocykl\u016f a p\u0159\u00edslu\u0161enstv\u00ed v \u010cesk\u00e9 republice na Slovensku a Polsku.","robots":{"index":"index","follow":"follow","max-snippet":"max-snippet:-1","max-image-preview":"max-image-preview:large","max-video-preview":"max-video-preview:-1"},"canonical":"https:\/\/shop.motopesek52.com\/en\/product\/gp-0-110-4s-evo-black\/","og_locale":"en_US","og_type":"article","og_title":"GP-0 110 4S EVO - black - OHVALE","og_description":"Jedin\u00fd ofici\u00e1ln\u00ed prodejce a dodavatel Ohvale motocykl\u016f a p\u0159\u00edslu\u0161enstv\u00ed v \u010cesk\u00e9 republice na Slovensku a Polsku.","og_url":"https:\/\/shop.motopesek52.com\/en\/product\/gp-0-110-4s-evo-black\/","og_site_name":"OHVALE","article_modified_time":"2024-04-22T10:50:49+00:00","og_image":[{"width":1024,"height":701,"url":"https:\/\/shop.motopesek52.com\/wp-content\/uploads\/2023\/04\/110ccEVO_Black-1024x701.png","type":"image\/png"}],"twitter_card":"summary_large_image","twitter_misc":{"Est. reading time":"2 minutes"},"schema":{"@context":"https:\/\/schema.org","@graph":[{"@type":"WebPage","@id":"https:\/\/shop.motopesek52.com\/en\/product\/gp-0-110-4s-evo-black\/","url":"https:\/\/shop.motopesek52.com\/en\/product\/gp-0-110-4s-evo-black\/","name":"GP-0 110 4S EVO - black - OHVALE","isPartOf":{"@id":"https:\/\/shop.motopesek52.com\/en\/#website"},"primaryImageOfPage":{"@id":"https:\/\/shop.motopesek52.com\/en\/product\/gp-0-110-4s-evo-black\/#primaryimage"},"image":{"@id":"https:\/\/shop.motopesek52.com\/en\/product\/gp-0-110-4s-evo-black\/#primaryimage"},"thumbnailUrl":"https:\/\/shop.motopesek52.com\/wp-content\/uploads\/2023\/04\/110ccEVO_Black.png","datePublished":"2023-04-02T18:59:34+00:00","dateModified":"2024-04-22T10:50:49+00:00","description":"Jedin\u00fd ofici\u00e1ln\u00ed prodejce a dodavatel Ohvale motocykl\u016f a p\u0159\u00edslu\u0161enstv\u00ed v \u010cesk\u00e9 republice na Slovensku a Polsku.","breadcrumb":{"@id":"https:\/\/shop.motopesek52.com\/en\/product\/gp-0-110-4s-evo-black\/#breadcrumb"},"inLanguage":"en-US","potentialAction":[{"@type":"ReadAction","target":["https:\/\/shop.motopesek52.com\/en\/product\/gp-0-110-4s-evo-black\/"]}]},{"@type":"ImageObject","inLanguage":"en-US","@id":"https:\/\/shop.motopesek52.com\/en\/product\/gp-0-110-4s-evo-black\/#primaryimage","url":"https:\/\/shop.motopesek52.com\/wp-content\/uploads\/2023\/04\/110ccEVO_Black.png","contentUrl":"https:\/\/shop.motopesek52.com\/wp-content\/uploads\/2023\/04\/110ccEVO_Black.png","width":2808,"height":1923},{"@type":"BreadcrumbList","@id":"https:\/\/shop.motopesek52.com\/en\/product\/gp-0-110-4s-evo-black\/#breadcrumb","itemListElement":[{"@type":"ListItem","position":1,"name":"Dom\u016f","item":"https:\/\/shop.motopesek52.com\/en\/"},{"@type":"ListItem","position":2,"name":"Shop","item":"https:\/\/shop.motopesek52.com\/cs\/shop-2\/"},{"@type":"ListItem","position":3,"name":"GP-0 110 4S EVO &#8211; black"}]},{"@type":"WebSite","@id":"https:\/\/shop.motopesek52.com\/en\/#website","url":"https:\/\/shop.motopesek52.com\/en\/","name":"OHVALE","description":"popis webu","publisher":{"@id":"https:\/\/shop.motopesek52.com\/en\/#organization"},"potentialAction":[{"@type":"SearchAction","target":{"@type":"EntryPoint","urlTemplate":"https:\/\/shop.motopesek52.com\/en\/?s={search_term_string}"},"query-input":{"@type":"PropertyValueSpecification","valueRequired":true,"valueName":"search_term_string"}}],"inLanguage":"en-US"},{"@type":"Organization","@id":"https:\/\/shop.motopesek52.com\/en\/#organization","name":"OHVALE","url":"https:\/\/shop.motopesek52.com\/en\/","logo":{"@type":"ImageObject","inLanguage":"en-US","@id":"https:\/\/shop.motopesek52.com\/en\/#\/schema\/logo\/image\/","url":"https:\/\/shop.motopesek52.com\/wp-content\/uploads\/2021\/03\/WhatsApp-Image-2021-03-26-at-09.05.56.jpeg","contentUrl":"https:\/\/shop.motopesek52.com\/wp-content\/uploads\/2021\/03\/WhatsApp-Image-2021-03-26-at-09.05.56.jpeg","width":1024,"height":1024,"caption":"OHVALE"},"image":{"@id":"https:\/\/shop.motopesek52.com\/en\/#\/schema\/logo\/image\/"}}]}},"jetpack_sharing_enabled":true,"_links":{"self":[{"href":"https:\/\/shop.motopesek52.com\/en\/wp-json\/wp\/v2\/product\/1126","targetHints":{"allow":["GET"]}}],"collection":[{"href":"https:\/\/shop.motopesek52.com\/en\/wp-json\/wp\/v2\/product"}],"about":[{"href":"https:\/\/shop.motopesek52.com\/en\/wp-json\/wp\/v2\/types\/product"}],"wp:featuredmedia":[{"embeddable":true,"href":"https:\/\/shop.motopesek52.com\/en\/wp-json\/wp\/v2\/media\/1122"}],"wp:attachment":[{"href":"https:\/\/shop.motopesek52.com\/en\/wp-json\/wp\/v2\/media?parent=1126"}],"wp:term":[{"taxonomy":"product_brand","embeddable":true,"href":"https:\/\/shop.motopesek52.com\/en\/wp-json\/wp\/v2\/product_brand?post=1126"},{"taxonomy":"product_cat","embeddable":true,"href":"https:\/\/shop.motopesek52.com\/en\/wp-json\/wp\/v2\/product_cat?post=1126"},{"taxonomy":"product_tag","embeddable":true,"href":"https:\/\/shop.motopesek52.com\/en\/wp-json\/wp\/v2\/product_tag?post=1126"}],"curies":[{"name":"wp","href":"https:\/\/api.w.org\/{rel}","templated":true}]}}