{"id":1105,"date":"2023-01-16T20:06:21","date_gmt":"2023-01-16T18:06:21","guid":{"rendered":"https:\/\/shop.motopesek52.com\/?post_type=product&#038;p=1105"},"modified":"2024-04-22T11:16:03","modified_gmt":"2024-04-22T09:16:03","slug":"ohvale-gp-2-2","status":"publish","type":"product","link":"https:\/\/shop.motopesek52.com\/en\/product\/ohvale-gp-2-2\/","title":{"rendered":"Ohvale GP-2 190 4s"},"content":{"rendered":"<p><strong>Typ motoru<\/strong> &#8211; ZS Horizont\u00e1ln\u00ed jednov\u00e1lec-4taktn\u00ed-Chlazen\u00ed vzduchem<br \/>\n<strong>Ovl\u00e1d\u00e1n\u00ed ventil\u016f<\/strong> &#8211; Jedin\u00fd va\u010dkov\u00fd h\u0159\u00eddel &#8211; SOHC 4 ventily<br \/>\n<strong>Palivo<\/strong> \u2013 bezolovnat\u00fd benz\u00edn (N.O. min 95)<br \/>\n<strong>Vrt\u00e1n\u00ed a zdvih<\/strong> &#8211; 62 mm x 62 mm<br \/>\n<strong>Zdvihov\u00fd objem<\/strong> &#8211; 187,18 ccm<br \/>\n<strong>Palivov\u00fd syst\u00e9m<\/strong> &#8211; Karbur\u00e1tor Keihin PE28 &#8211; Dell&#8217;Orto PHBH 28. Z\u00e1vodn\u00ed vzduchov\u00fd filtr<br \/>\n<strong>Zapalov\u00e1n\u00ed<\/strong> &#8211; Elektronick\u00e9, Extern\u00ed zapalovac\u00ed sv\u00ed\u010dka a c\u00edvka<br \/>\n<strong>Start\u00e9r<\/strong> &#8211; Kick start\u00e9r s dekompresn\u00edm syst\u00e9mem<br \/>\n<strong>V\u00fdfukov\u00fd syst\u00e9m<\/strong> &#8211; V\u00fdfukov\u00e9 potrub\u00ed z nerezov\u00e9 oceli. Podsedlov\u00fd jednoduch\u00fd tlumi\u010d Arrow v titanu.<br \/>\n<strong>Maz\u00e1n\u00ed<\/strong> &#8211; Mno\u017estv\u00ed oleje: 1l<br \/>\n<strong>P\u0159evodovka<\/strong> &#8211; 4 rychlostn\u00ed N-1-2-3-4<br \/>\n<strong>Spojka<\/strong> &#8211; 6 \u2013 lamelov\u00e1 mokr\u00e1 spojka<br \/>\n<strong>Prim\u00e1rn\u00ed pohon<\/strong> &#8211; ozuben\u00e1 kola<br \/>\n<strong>Sekund\u00e1rn\u00ed pohon<\/strong> &#8211; Regina \u0159et\u011bz zlat\u00e1 \u0159ada. P\u0159evodov\u00fd pom\u011br 36\/17 (2 117)<br \/>\n<strong>R\u00e1m<\/strong> \u2013 Trubkov\u00fd, ocelov\u00fd, m\u0159\u00ed\u017eov\u00fd r\u00e1m<br \/>\n<strong>P\u0159edn\u00ed odpru\u017een\u00ed<\/strong> &#8211; 33mm upside down vidlice &#8211; CNC vidlice &#8211; v\u010detn\u011b p\u0159edp\u011bt\u00ed pru\u017einy<br \/>\n<strong>Zadn\u00ed odpru\u017een\u00ed<\/strong> &#8211; Hlin\u00edkov\u00e9 kyvn\u00e9 rameno. Monoshock s piggy-back &#8211; Pln\u011b nastaviteln\u00fd: hydraulick\u00e1 komprese a tlumen\u00ed odskoku, p\u0159edp\u011bt\u00ed pru\u017einy, rozvor<br \/>\n<strong>P\u0159edn\u00ed brzda<\/strong> &#8211; Jednokotou\u010dov\u00e1 \u00d8 220 mm. Radi\u00e1ln\u00ed t\u0159men se 4 p\u00edstky D25 &#8211; Slinut\u00e9 desti\u010dky &#8211; \u010derpadlo s integrovanou n\u00e1dr\u017e\u00ed a kovovou opletenou hadic\u00ed<br \/>\n<strong>Zadn\u00ed brzda<\/strong> &#8211; Jednokotou\u010dov\u00e1 \u00d8 180 mm. Jednop\u00edstkov\u00fd plovouc\u00ed t\u0159men D 25. \u010cerpadlo s integrovanou n\u00e1dr\u017e\u00ed a kovovou opletenou hadic\u00ed.<br \/>\n<strong>R\u00e1fky<\/strong> &#8211; Hlin\u00edkov\u00e1 lit\u00e1 kola. P\u0159edn\u00ed 2,50 x 12&#8243; &#8211; Zadn\u00ed 3,00 x 12&#8243;<br \/>\n<strong>Pneumatiky<\/strong> &#8211; bezdu\u0161ov\u00e9. P\u0159edn\u00ed 100\/90-12, zadn\u00ed 120\/80 &#8211; 12<br \/>\n<strong>Rozm\u011bry<\/strong> (v\u00fdchoz\u00ed nastaven\u00ed) &#8211; Max. d\u00e9lka: 1610 mm &#8211; Max. \u0161\u00ed\u0159ka: 740 mm (na \u0159\u00edd\u00edtk\u00e1ch) &#8211; Max. v\u00fd\u0161ka: 915mm &#8211; V\u00fd\u0161ka sedla 725mm<br \/>\n<strong>Hmotnost<\/strong> &#8211; 71 kg*<br \/>\n<strong>Objem palivov\u00e9 n\u00e1dr\u017ee<\/strong> &#8211; 3,5 litru<br \/>\n* deklarovan\u00e1 hmotnost such\u00e1, bez tekutiny<\/p>\n","protected":false},"excerpt":{"rendered":"<p>Typ motoru &#8211; ZS Horizont\u00e1ln\u00ed jednov\u00e1lec-4taktn\u00ed-Chlazen\u00ed vzduchem Ovl\u00e1d\u00e1n\u00ed ventil\u016f &#8211; Jedin\u00fd va\u010dkov\u00fd h\u0159\u00eddel &#8211; SOHC 4 ventily Palivo \u2013 bezolovnat\u00fd benz\u00edn (N.O. min 95) Vrt\u00e1n\u00ed a zdvih &#8211; 62 mm x 62 mm Zdvihov\u00fd objem &#8211; 187,18 ccm Palivov\u00fd syst\u00e9m &#8211; Karbur\u00e1tor Keihin PE28 &#8211; Dell&#8217;Orto PHBH 28. Z\u00e1vodn\u00ed vzduchov\u00fd filtr Zapalov\u00e1n\u00ed &#8211; Elektronick\u00e9, Extern\u00ed [&hellip;]<\/p>\n","protected":false},"featured_media":802,"template":"","meta":[],"product_brand":[],"product_cat":[74,42],"product_tag":[],"class_list":{"0":"post-1105","1":"product","2":"type-product","3":"status-publish","4":"has-post-thumbnail","6":"product_cat-gp-2-en","7":"product_cat-motorcycles","9":"first","10":"onbackorder","11":"taxable","12":"shipping-taxable","13":"purchasable","14":"product-type-simple"},"yoast_head":"<!-- This site is optimized with the Yoast SEO plugin v26.7 - https:\/\/yoast.com\/wordpress\/plugins\/seo\/ -->\n<title>Ohvale GP-2 190 4s - OHVALE<\/title>\n<meta name=\"description\" content=\"Jedin\u00fd ofici\u00e1ln\u00ed prodejce a dodavatel Ohvale motocykl\u016f a p\u0159\u00edslu\u0161enstv\u00ed v \u010cesk\u00e9 republice na Slovensku a Polsku.\" \/>\n<meta name=\"robots\" content=\"index, follow, max-snippet:-1, max-image-preview:large, max-video-preview:-1\" \/>\n<link rel=\"canonical\" href=\"https:\/\/shop.motopesek52.com\/en\/product\/ohvale-gp-2-2\/\" \/>\n<meta property=\"og:locale\" content=\"en_US\" \/>\n<meta property=\"og:type\" content=\"article\" \/>\n<meta property=\"og:title\" content=\"Ohvale GP-2 190 4s - OHVALE\" \/>\n<meta property=\"og:description\" content=\"Jedin\u00fd ofici\u00e1ln\u00ed prodejce a dodavatel Ohvale motocykl\u016f a p\u0159\u00edslu\u0161enstv\u00ed v \u010cesk\u00e9 republice na Slovensku a Polsku.\" \/>\n<meta property=\"og:url\" content=\"https:\/\/shop.motopesek52.com\/en\/product\/ohvale-gp-2-2\/\" \/>\n<meta property=\"og:site_name\" content=\"OHVALE\" \/>\n<meta property=\"article:modified_time\" content=\"2024-04-22T09:16:03+00:00\" \/>\n<meta property=\"og:image\" content=\"https:\/\/shop.motopesek52.com\/wp-content\/uploads\/2022\/03\/GP2_WhiteRed-scaled.jpg\" \/>\n\t<meta property=\"og:image:width\" content=\"2560\" \/>\n\t<meta property=\"og:image:height\" content=\"1590\" \/>\n\t<meta property=\"og:image:type\" content=\"image\/jpeg\" \/>\n<meta name=\"twitter:card\" content=\"summary_large_image\" \/>\n<meta name=\"twitter:label1\" content=\"Est. reading time\" \/>\n\t<meta name=\"twitter:data1\" content=\"2 minutes\" \/>\n<script type=\"application\/ld+json\" class=\"yoast-schema-graph\">{\"@context\":\"https:\/\/schema.org\",\"@graph\":[{\"@type\":\"WebPage\",\"@id\":\"https:\/\/shop.motopesek52.com\/en\/product\/ohvale-gp-2-2\/\",\"url\":\"https:\/\/shop.motopesek52.com\/en\/product\/ohvale-gp-2-2\/\",\"name\":\"Ohvale GP-2 190 4s - OHVALE\",\"isPartOf\":{\"@id\":\"https:\/\/shop.motopesek52.com\/en\/#website\"},\"primaryImageOfPage\":{\"@id\":\"https:\/\/shop.motopesek52.com\/en\/product\/ohvale-gp-2-2\/#primaryimage\"},\"image\":{\"@id\":\"https:\/\/shop.motopesek52.com\/en\/product\/ohvale-gp-2-2\/#primaryimage\"},\"thumbnailUrl\":\"https:\/\/shop.motopesek52.com\/wp-content\/uploads\/2022\/03\/GP2_WhiteRed-scaled.jpg\",\"datePublished\":\"2023-01-16T18:06:21+00:00\",\"dateModified\":\"2024-04-22T09:16:03+00:00\",\"description\":\"Jedin\u00fd ofici\u00e1ln\u00ed prodejce a dodavatel Ohvale motocykl\u016f a p\u0159\u00edslu\u0161enstv\u00ed v \u010cesk\u00e9 republice na Slovensku a Polsku.\",\"breadcrumb\":{\"@id\":\"https:\/\/shop.motopesek52.com\/en\/product\/ohvale-gp-2-2\/#breadcrumb\"},\"inLanguage\":\"en-US\",\"potentialAction\":[{\"@type\":\"ReadAction\",\"target\":[\"https:\/\/shop.motopesek52.com\/en\/product\/ohvale-gp-2-2\/\"]}]},{\"@type\":\"ImageObject\",\"inLanguage\":\"en-US\",\"@id\":\"https:\/\/shop.motopesek52.com\/en\/product\/ohvale-gp-2-2\/#primaryimage\",\"url\":\"https:\/\/shop.motopesek52.com\/wp-content\/uploads\/2022\/03\/GP2_WhiteRed-scaled.jpg\",\"contentUrl\":\"https:\/\/shop.motopesek52.com\/wp-content\/uploads\/2022\/03\/GP2_WhiteRed-scaled.jpg\",\"width\":2560,\"height\":1590},{\"@type\":\"BreadcrumbList\",\"@id\":\"https:\/\/shop.motopesek52.com\/en\/product\/ohvale-gp-2-2\/#breadcrumb\",\"itemListElement\":[{\"@type\":\"ListItem\",\"position\":1,\"name\":\"Dom\u016f\",\"item\":\"https:\/\/shop.motopesek52.com\/en\/\"},{\"@type\":\"ListItem\",\"position\":2,\"name\":\"Shop\",\"item\":\"https:\/\/shop.motopesek52.com\/cs\/shop-2\/\"},{\"@type\":\"ListItem\",\"position\":3,\"name\":\"Ohvale GP-2 190 4s\"}]},{\"@type\":\"WebSite\",\"@id\":\"https:\/\/shop.motopesek52.com\/en\/#website\",\"url\":\"https:\/\/shop.motopesek52.com\/en\/\",\"name\":\"OHVALE\",\"description\":\"popis webu\",\"publisher\":{\"@id\":\"https:\/\/shop.motopesek52.com\/en\/#organization\"},\"potentialAction\":[{\"@type\":\"SearchAction\",\"target\":{\"@type\":\"EntryPoint\",\"urlTemplate\":\"https:\/\/shop.motopesek52.com\/en\/?s={search_term_string}\"},\"query-input\":{\"@type\":\"PropertyValueSpecification\",\"valueRequired\":true,\"valueName\":\"search_term_string\"}}],\"inLanguage\":\"en-US\"},{\"@type\":\"Organization\",\"@id\":\"https:\/\/shop.motopesek52.com\/en\/#organization\",\"name\":\"OHVALE\",\"url\":\"https:\/\/shop.motopesek52.com\/en\/\",\"logo\":{\"@type\":\"ImageObject\",\"inLanguage\":\"en-US\",\"@id\":\"https:\/\/shop.motopesek52.com\/en\/#\/schema\/logo\/image\/\",\"url\":\"https:\/\/shop.motopesek52.com\/wp-content\/uploads\/2021\/03\/WhatsApp-Image-2021-03-26-at-09.05.56.jpeg\",\"contentUrl\":\"https:\/\/shop.motopesek52.com\/wp-content\/uploads\/2021\/03\/WhatsApp-Image-2021-03-26-at-09.05.56.jpeg\",\"width\":1024,\"height\":1024,\"caption\":\"OHVALE\"},\"image\":{\"@id\":\"https:\/\/shop.motopesek52.com\/en\/#\/schema\/logo\/image\/\"}}]}<\/script>\n<!-- \/ Yoast SEO plugin. -->","yoast_head_json":{"title":"Ohvale GP-2 190 4s - OHVALE","description":"Jedin\u00fd ofici\u00e1ln\u00ed prodejce a dodavatel Ohvale motocykl\u016f a p\u0159\u00edslu\u0161enstv\u00ed v \u010cesk\u00e9 republice na Slovensku a Polsku.","robots":{"index":"index","follow":"follow","max-snippet":"max-snippet:-1","max-image-preview":"max-image-preview:large","max-video-preview":"max-video-preview:-1"},"canonical":"https:\/\/shop.motopesek52.com\/en\/product\/ohvale-gp-2-2\/","og_locale":"en_US","og_type":"article","og_title":"Ohvale GP-2 190 4s - OHVALE","og_description":"Jedin\u00fd ofici\u00e1ln\u00ed prodejce a dodavatel Ohvale motocykl\u016f a p\u0159\u00edslu\u0161enstv\u00ed v \u010cesk\u00e9 republice na Slovensku a Polsku.","og_url":"https:\/\/shop.motopesek52.com\/en\/product\/ohvale-gp-2-2\/","og_site_name":"OHVALE","article_modified_time":"2024-04-22T09:16:03+00:00","og_image":[{"width":2560,"height":1590,"url":"https:\/\/shop.motopesek52.com\/wp-content\/uploads\/2022\/03\/GP2_WhiteRed-scaled.jpg","type":"image\/jpeg"}],"twitter_card":"summary_large_image","twitter_misc":{"Est. reading time":"2 minutes"},"schema":{"@context":"https:\/\/schema.org","@graph":[{"@type":"WebPage","@id":"https:\/\/shop.motopesek52.com\/en\/product\/ohvale-gp-2-2\/","url":"https:\/\/shop.motopesek52.com\/en\/product\/ohvale-gp-2-2\/","name":"Ohvale GP-2 190 4s - OHVALE","isPartOf":{"@id":"https:\/\/shop.motopesek52.com\/en\/#website"},"primaryImageOfPage":{"@id":"https:\/\/shop.motopesek52.com\/en\/product\/ohvale-gp-2-2\/#primaryimage"},"image":{"@id":"https:\/\/shop.motopesek52.com\/en\/product\/ohvale-gp-2-2\/#primaryimage"},"thumbnailUrl":"https:\/\/shop.motopesek52.com\/wp-content\/uploads\/2022\/03\/GP2_WhiteRed-scaled.jpg","datePublished":"2023-01-16T18:06:21+00:00","dateModified":"2024-04-22T09:16:03+00:00","description":"Jedin\u00fd ofici\u00e1ln\u00ed prodejce a dodavatel Ohvale motocykl\u016f a p\u0159\u00edslu\u0161enstv\u00ed v \u010cesk\u00e9 republice na Slovensku a Polsku.","breadcrumb":{"@id":"https:\/\/shop.motopesek52.com\/en\/product\/ohvale-gp-2-2\/#breadcrumb"},"inLanguage":"en-US","potentialAction":[{"@type":"ReadAction","target":["https:\/\/shop.motopesek52.com\/en\/product\/ohvale-gp-2-2\/"]}]},{"@type":"ImageObject","inLanguage":"en-US","@id":"https:\/\/shop.motopesek52.com\/en\/product\/ohvale-gp-2-2\/#primaryimage","url":"https:\/\/shop.motopesek52.com\/wp-content\/uploads\/2022\/03\/GP2_WhiteRed-scaled.jpg","contentUrl":"https:\/\/shop.motopesek52.com\/wp-content\/uploads\/2022\/03\/GP2_WhiteRed-scaled.jpg","width":2560,"height":1590},{"@type":"BreadcrumbList","@id":"https:\/\/shop.motopesek52.com\/en\/product\/ohvale-gp-2-2\/#breadcrumb","itemListElement":[{"@type":"ListItem","position":1,"name":"Dom\u016f","item":"https:\/\/shop.motopesek52.com\/en\/"},{"@type":"ListItem","position":2,"name":"Shop","item":"https:\/\/shop.motopesek52.com\/cs\/shop-2\/"},{"@type":"ListItem","position":3,"name":"Ohvale GP-2 190 4s"}]},{"@type":"WebSite","@id":"https:\/\/shop.motopesek52.com\/en\/#website","url":"https:\/\/shop.motopesek52.com\/en\/","name":"OHVALE","description":"popis webu","publisher":{"@id":"https:\/\/shop.motopesek52.com\/en\/#organization"},"potentialAction":[{"@type":"SearchAction","target":{"@type":"EntryPoint","urlTemplate":"https:\/\/shop.motopesek52.com\/en\/?s={search_term_string}"},"query-input":{"@type":"PropertyValueSpecification","valueRequired":true,"valueName":"search_term_string"}}],"inLanguage":"en-US"},{"@type":"Organization","@id":"https:\/\/shop.motopesek52.com\/en\/#organization","name":"OHVALE","url":"https:\/\/shop.motopesek52.com\/en\/","logo":{"@type":"ImageObject","inLanguage":"en-US","@id":"https:\/\/shop.motopesek52.com\/en\/#\/schema\/logo\/image\/","url":"https:\/\/shop.motopesek52.com\/wp-content\/uploads\/2021\/03\/WhatsApp-Image-2021-03-26-at-09.05.56.jpeg","contentUrl":"https:\/\/shop.motopesek52.com\/wp-content\/uploads\/2021\/03\/WhatsApp-Image-2021-03-26-at-09.05.56.jpeg","width":1024,"height":1024,"caption":"OHVALE"},"image":{"@id":"https:\/\/shop.motopesek52.com\/en\/#\/schema\/logo\/image\/"}}]}},"jetpack_sharing_enabled":true,"_links":{"self":[{"href":"https:\/\/shop.motopesek52.com\/en\/wp-json\/wp\/v2\/product\/1105","targetHints":{"allow":["GET"]}}],"collection":[{"href":"https:\/\/shop.motopesek52.com\/en\/wp-json\/wp\/v2\/product"}],"about":[{"href":"https:\/\/shop.motopesek52.com\/en\/wp-json\/wp\/v2\/types\/product"}],"wp:featuredmedia":[{"embeddable":true,"href":"https:\/\/shop.motopesek52.com\/en\/wp-json\/wp\/v2\/media\/802"}],"wp:attachment":[{"href":"https:\/\/shop.motopesek52.com\/en\/wp-json\/wp\/v2\/media?parent=1105"}],"wp:term":[{"taxonomy":"product_brand","embeddable":true,"href":"https:\/\/shop.motopesek52.com\/en\/wp-json\/wp\/v2\/product_brand?post=1105"},{"taxonomy":"product_cat","embeddable":true,"href":"https:\/\/shop.motopesek52.com\/en\/wp-json\/wp\/v2\/product_cat?post=1105"},{"taxonomy":"product_tag","embeddable":true,"href":"https:\/\/shop.motopesek52.com\/en\/wp-json\/wp\/v2\/product_tag?post=1105"}],"curies":[{"name":"wp","href":"https:\/\/api.w.org\/{rel}","templated":true}]}}