{"id":588,"date":"2021-03-24T21:44:35","date_gmt":"2021-03-24T19:44:35","guid":{"rendered":"https:\/\/shop.motopesek52.com\/contact-form\/"},"modified":"2021-03-27T18:32:02","modified_gmt":"2021-03-27T16:32:02","slug":"contact-form","status":"publish","type":"page","link":"https:\/\/shop.motopesek52.com\/en\/contact-form\/","title":{"rendered":"Contact form"},"content":{"rendered":"<div data-test='contact-form'\n\t\t\tid='contact-form-588'\n\t\t\tclass='wp-block-jetpack-contact-form-container '\n\t\t\tdata-wp-interactive='jetpack\/form' data-wp-context='{\"formId\":\"588\",\"formHash\":\"aca6cde84bd369cd7d9b4e4f3e26c523b91a4681\",\"showErrors\":false,\"errors\":[],\"fields\":[],\"isMultiStep\":false,\"useAjax\":true,\"submissionData\":null,\"formattedSubmissionData\":[],\"submissionSuccess\":false,\"submissionError\":null,\"elementId\":\"jp-form-aca6cde84bd369cd7d9b4e4f3e26c523b91a4681\",\"isSingleInputForm\":false}'\n\t\t\tdata-wp-watch--scroll-to-wrapper=\"callbacks.scrollToWrapper\"\n\t\t>\n<div class=\"contact-form-submission contact-form-ajax-submission\" data-wp-class--submission-success=\"context.submissionSuccess\"><p class=\"go-back-message\"><a class=\"link\" role=\"button\" tabindex=\"0\" data-wp-on--click=\"actions.goBack\" href=\"\/en\/wp-json\/wp\/v2\/pages\/588\">Go back<\/a><\/p><h4 id=\"contact-form-success-header\">Your message has been sent<\/h4>\n\n<template data-wp-each--submission=\"context.formattedSubmissionData\">\n\t\t\t\t\t<div class=\"jetpack_forms_contact-form-success-summary\">\n\t\t\t\t\t\t<div class=\"field-name\" data-wp-text=\"context.submission.label\" data-wp-bind--hidden=\"!context.submission.label\"><\/div>\n\t\t\t\t\t\t<div class=\"field-value\" data-wp-text=\"context.submission.value\"><\/div>\n\t\t\t\t\t\t<div class=\"field-images\" data-wp-bind--hidden=\"!context.submission.images\">\n\t\t\t\t\t\t\t<template data-wp-each--image=\"context.submission.images\">\n\t\t\t\t\t\t\t\t<figure class=\"field-image\" data-wp-class--is-empty=\"!context.image\">\n\t\t\t\t\t\t\t\t\t<img data-wp-bind--src=\"context.image\" data-wp-bind--hidden=\"!context.image\" \/>\n\t\t\t\t\t\t\t\t\t<img decoding=\"async\" src=\"data:image\/gif;base64,R0lGODlhAQABAAD\/ACwAAAAAAQABAAACADs=\" data-wp-bind--hidden=\"context.image\" \/>\n\t\t\t\t\t\t\t\t<\/figure>\n\t\t\t\t\t\t\t<\/template>\n\t\t\t\t\t\t<\/div>\n\t\t\t\t\t<\/div>\n\t\t\t\t<\/template><\/div><form action='https:\/\/shop.motopesek52.com\/en\/contact-form\/'\n\t\t\t\tid='jp-form-aca6cde84bd369cd7d9b4e4f3e26c523b91a4681'\n\t\t\t\tmethod='post'\n\t\t\t\tclass='contact-form commentsblock' aria-label=\"Contact form\"\n\t\t\t\tdata-wp-on--submit=\"actions.onFormSubmit\"\n\t\t\t\tdata-wp-on--reset=\"actions.onFormReset\"\n\t\t\t\tdata-wp-class--submission-success=\"context.submissionSuccess\"\n\t\t\t\tdata-wp-class--is-first-step=\"state.isFirstStep\"\n\t\t\t\tdata-wp-class--is-last-step=\"state.isLastStep\"\n\t\t\t\tdata-wp-class--is-ajax-form=\"context.useAjax\"\n\t\t\t\tnovalidate >\n<input type='hidden' name='jetpack_contact_form_jwt' value='eyJ0eXAiOiJKV1QiLCJhbGciOiJIUzI1NiJ9.eyJlbmNyeXB0ZWRfYXR0cmlidXRlcyI6ImtGb2hRYTFKMUJ2SjVoMG11OXlCMU85WTVlb3U1ekloVjlKUE1UbGt5VGF1OHVWZU1NN1piSzRRSVV6ay83bFkyWDg0OVRGdS9tK05NQStpUzBaYmJkV1loRVYybE5Ed0xWVm1oSXc1YUZOdUsrYmVmY2JWQStpdi9lcDRlZGcwMSt6WmQ4elRIRzBxdHd2MC9DTEpNbGpvSlFsMDErWVZpaEltelZFcWgyRWZzeFVVQzFyWHM2K1lmbFlHOUxnNUNPb2ZDUWhzVm9NTGZEVTkveFRvZ29oekVKSUxjYk9BR0N3dm5Bc0JUUXhUVHh1SFZhRldXem42ZDF2VG0zQ1ZrN2ZEb25jMWlBeXFJdFpvVTQ3VytVOEZjazM2Wmhtb1dBb24zaGpuTlpyczJQUnVWcHViV2lMbndWQVVKaElvU0dOdlRRMExQUUNJZkhoSDFjSjlOcXF2WGZEOTcrUDkrUjZoRWZhOVpvUUhSSXo3bnp3bERRV29VNVduaVlBMHV2VjNZU2E5SmR5K1VhUnZJUWRCWkJvOXg1a3JOY01WZWNZS0lud3dpQW1ocEIwc2RCaDhyVkFjSnNKeDRFS0F3aWNZdDgweVRNUmZKWVZYeS8yUzhjWGJaSmh3TmRkU1BqZno4OTRHb0RJaWlwVjBvVURoYlQwR1g1Uk5FR096dk5sWDdMMk5HcXhtS3A1TDVFcDZhdlh4S3I1YStPZjMyMjZSNkgvcEo2ZnFmUktGcFpJT2sxR01PWjAyc3VRSm9LRTNwYVpVazVPUjRDUUFIUWZsd2tjWW9OelVDblVzS2NMNXFIalNUZUhBWjJxUVRZOWROUTNybGR6Y1h6OHYybXp5MStzYS9TWnJPcnVpZFoxdWlrbmFQS3VXb0lCeEN3OTZ3TjlTSzdWcDg0NEk3UHR6U3g3UXphVWJGdEtMTStkR2ZwREJEUHZBeWQzOXI3aTV2SDg4b29EV29GWHFtbmNwSERtTFNueDJPbExnZUt0NDUrdG16QVhxTnlIS3FZT1JBM1pDTkZsdThaUHNnWVQxdmpSQzhCVklnWjUrOVhMZ3Uvd3h2bVI2Si9Nd2h6ekZqMnI2MXhZb1dEK1BhdXh3em5YNWIvSGdyb1BOZkdxdURKUmFobUVkNUFaZUpVVDNTbHh5eGc9PSIsImNvbnRlbnQiOiJbY29udGFjdC1maWVsZCBsYWJlbD0nSm1cdTAwZTlubyBhIHBcdTAxNTlcdTAwZWRqbWVuXHUwMGVkJyB0eXBlPSduYW1lJyByZXF1aXJlZD0nMScvXVtjb250YWN0LWZpZWxkIGxhYmVsPSdFbWFpbCcgdHlwZT0nZW1haWwnIHJlcXVpcmVkPScxJy9dW2NvbnRhY3QtZmllbGQgbGFiZWw9J1RlbC4gXHUwMTBkXHUwMGVkc2xvJyB0eXBlPSd0ZWxlcGhvbmUnIHJlcXVpcmVkPScxJy9dW2NvbnRhY3QtZmllbGQgbGFiZWw9J1pwclx1MDBlMXZhJyB0eXBlPSd0ZXh0YXJlYScgcmVxdWlyZWQ9JzEnL10iLCJoYXNoIjoiYWNhNmNkZTg0YmQzNjljZDdkOWI0ZTRmM2UyNmM1MjNiOTFhNDY4MSIsInNvdXJjZSI6eyJlbnRyeV90aXRsZSI6IkNvbnRhY3QgZm9ybSIsImVudHJ5X3BhZ2UiOjEsInNvdXJjZV9pZCI6NTg4LCJzb3VyY2VfdHlwZSI6InNpbmdsZSIsInJlcXVlc3RfdXJsIjoiaHR0cHM6Ly9zaG9wLm1vdG9wZXNlazUyLmNvbS9lbi93cC1qc29uL3dwL3YyL3BhZ2VzLzU4OC8ifSwidmVyc2lvbiI6MiwiY2lwaGVyIjoiYWVzLTI1Ni1nY20ifQ.HflaD1cq8Wb8jJ-GuHsvgsWTt_hbGei_0OU_5DeVsGE' \/>\n\n<div style=\"\"  data-wp-interactive=\"jetpack\/form\" data-wp-context='{\"fieldId\":\"g588-jmnoapjmen\",\"fieldType\":\"name\",\"fieldLabel\":\"Jm\\u00e9no a p\\u0159\\u00edjmen\\u00ed\",\"fieldValue\":\"\",\"fieldPlaceholder\":\"\",\"fieldIsRequired\":\"1\",\"fieldErrorMessage\":\"\",\"fieldExtra\":[],\"formHash\":\"aca6cde84bd369cd7d9b4e4f3e26c523b91a4681\"}'  class='grunion-field-name-wrap grunion-field-wrap'  data-wp-init='callbacks.initializeField' data-wp-on--jetpack-form-reset='callbacks.initializeField' >\n<label\n\t\t\t\tfor='g588-jmnoapjmen' class=\"grunion-field-label name\" >Jm\u00e9no a p\u0159\u00edjmen\u00ed<span class=\"grunion-label-required\" aria-hidden=\"true\">(required)<\/span><\/label>\n<input\n\t\t\t\t\ttype='text'\n\t\t\t\t\tname='g588-jmnoapjmen'\n\t\t\t\t\tid='g588-jmnoapjmen'\n\t\t\t\t\tvalue=''\n\n\t\t\t\t\tdata-wp-bind--aria-invalid='state.fieldHasErrors'\n\t\t\t\t\tdata-wp-bind--value='state.getFieldValue'\n\t\t\t\t\taria-errormessage='g588-jmnoapjmen-text-error-message'\n\t\t\t\t\tdata-wp-on--input='actions.onFieldChange'\n\t\t\t\t\tdata-wp-on--blur='actions.onFieldBlur'\n\t\t\t\t\tdata-wp-class--has-value='state.hasFieldValue'\n\n\t\t\t\t\tclass='name  grunion-field' \n\t\t\t\t\trequired='true' aria-required='true'  \/>\n \n\t\t\t<div id=\"g588-jmnoapjmen-text-error\" class=\"contact-form__input-error\" data-wp-class--has-errors=\"state.fieldHasErrors\">\n\t\t\t\t<span class=\"contact-form__warning-icon\">\n\t\t\t\t\t<svg width=\"16\" height=\"16\" viewBox=\"0 0 16 16\" fill=\"none\" xmlns=\"http:\/\/www.w3.org\/2000\/svg\">\n\t\t\t\t\t\t<path d=\"M8.50015 11.6402H7.50015V10.6402H8.50015V11.6402Z\" \/>\n\t\t\t\t\t\t<path d=\"M7.50015 9.64018H8.50015V6.30684H7.50015V9.64018Z\" \/>\n\t\t\t\t\t\t<path fill-rule=\"evenodd\" clip-rule=\"evenodd\" d=\"M6.98331 3.0947C7.42933 2.30177 8.57096 2.30177 9.01698 3.09469L13.8771 11.7349C14.3145 12.5126 13.7525 13.4735 12.8602 13.4735H3.14004C2.24774 13.4735 1.68575 12.5126 2.12321 11.7349L6.98331 3.0947ZM8.14541 3.58496C8.08169 3.47168 7.9186 3.47168 7.85488 3.58496L2.99478 12.2251C2.93229 12.3362 3.01257 12.4735 3.14004 12.4735H12.8602C12.9877 12.4735 13.068 12.3362 13.0055 12.2251L8.14541 3.58496Z\" \/>\n\t\t\t\t\t<\/svg>\n\t\t\t\t\t<span class=\"visually-hidden\">Warning<\/span>\n\t\t\t\t<\/span>\n\t\t\t\t<span data-wp-text=\"state.errorMessage\" id=\"g588-jmnoapjmen-text-error-message\" role=\"alert\" aria-live=\"assertive\"><\/span>\n\t\t\t<\/div> \n\t<\/div>\n\n<div style=\"\"  data-wp-interactive=\"jetpack\/form\" data-wp-context='{\"fieldId\":\"g588-email\",\"fieldType\":\"email\",\"fieldLabel\":\"Email\",\"fieldValue\":\"\",\"fieldPlaceholder\":\"\",\"fieldIsRequired\":\"1\",\"fieldErrorMessage\":\"\",\"fieldExtra\":[],\"formHash\":\"aca6cde84bd369cd7d9b4e4f3e26c523b91a4681\"}'  class='grunion-field-email-wrap grunion-field-wrap'  data-wp-init='callbacks.initializeField' data-wp-on--jetpack-form-reset='callbacks.initializeField' >\n<label\n\t\t\t\tfor='g588-email' class=\"grunion-field-label email\" >Email<span class=\"grunion-label-required\" aria-hidden=\"true\">(required)<\/span><\/label>\n<input\n\t\t\t\t\ttype='email'\n\t\t\t\t\tname='g588-email'\n\t\t\t\t\tid='g588-email'\n\t\t\t\t\tvalue=''\n\n\t\t\t\t\tdata-wp-bind--aria-invalid='state.fieldHasErrors'\n\t\t\t\t\tdata-wp-bind--value='state.getFieldValue'\n\t\t\t\t\taria-errormessage='g588-email-email-error-message'\n\t\t\t\t\tdata-wp-on--input='actions.onFieldChange'\n\t\t\t\t\tdata-wp-on--blur='actions.onFieldBlur'\n\t\t\t\t\tdata-wp-class--has-value='state.hasFieldValue'\n\n\t\t\t\t\tclass='email  grunion-field' \n\t\t\t\t\trequired='true' aria-required='true'  \/>\n \n\t\t\t<div id=\"g588-email-email-error\" class=\"contact-form__input-error\" data-wp-class--has-errors=\"state.fieldHasErrors\">\n\t\t\t\t<span class=\"contact-form__warning-icon\">\n\t\t\t\t\t<svg width=\"16\" height=\"16\" viewBox=\"0 0 16 16\" fill=\"none\" xmlns=\"http:\/\/www.w3.org\/2000\/svg\">\n\t\t\t\t\t\t<path d=\"M8.50015 11.6402H7.50015V10.6402H8.50015V11.6402Z\" \/>\n\t\t\t\t\t\t<path d=\"M7.50015 9.64018H8.50015V6.30684H7.50015V9.64018Z\" \/>\n\t\t\t\t\t\t<path fill-rule=\"evenodd\" clip-rule=\"evenodd\" d=\"M6.98331 3.0947C7.42933 2.30177 8.57096 2.30177 9.01698 3.09469L13.8771 11.7349C14.3145 12.5126 13.7525 13.4735 12.8602 13.4735H3.14004C2.24774 13.4735 1.68575 12.5126 2.12321 11.7349L6.98331 3.0947ZM8.14541 3.58496C8.08169 3.47168 7.9186 3.47168 7.85488 3.58496L2.99478 12.2251C2.93229 12.3362 3.01257 12.4735 3.14004 12.4735H12.8602C12.9877 12.4735 13.068 12.3362 13.0055 12.2251L8.14541 3.58496Z\" \/>\n\t\t\t\t\t<\/svg>\n\t\t\t\t\t<span class=\"visually-hidden\">Warning<\/span>\n\t\t\t\t<\/span>\n\t\t\t\t<span data-wp-text=\"state.errorMessage\" id=\"g588-email-email-error-message\" role=\"alert\" aria-live=\"assertive\"><\/span>\n\t\t\t<\/div> \n\t<\/div>\n\n<div style=\"\"  data-wp-interactive=\"jetpack\/form\" data-wp-context='{\"fieldId\":\"g588-tel-slo\",\"fieldType\":\"telephone\",\"fieldLabel\":\"Tel. \\u010d\\u00edslo\",\"fieldValue\":\"\",\"fieldPlaceholder\":\"\",\"fieldIsRequired\":\"1\",\"fieldErrorMessage\":\"\",\"fieldExtra\":[],\"formHash\":\"aca6cde84bd369cd7d9b4e4f3e26c523b91a4681\"}'  class='grunion-field-telephone-wrap grunion-field-wrap'  data-wp-init='callbacks.initializeField' data-wp-on--jetpack-form-reset='callbacks.initializeField' >\n<label\n\t\t\t\tfor='g588-tel-slo' class=\"grunion-field-label telephone\" >Tel. \u010d\u00edslo<span class=\"grunion-label-required\" aria-hidden=\"true\">(required)<\/span><\/label>\n<input\n\t\t\t\t\ttype='tel'\n\t\t\t\t\tname='g588-tel-slo'\n\t\t\t\t\tid='g588-tel-slo'\n\t\t\t\t\tvalue=''\n\n\t\t\t\t\tdata-wp-bind--aria-invalid='state.fieldHasErrors'\n\t\t\t\t\tdata-wp-bind--value='state.getFieldValue'\n\t\t\t\t\taria-errormessage='g588-tel-slo-tel-error-message'\n\t\t\t\t\tdata-wp-on--input='actions.onFieldChange'\n\t\t\t\t\tdata-wp-on--blur='actions.onFieldBlur'\n\t\t\t\t\tdata-wp-class--has-value='state.hasFieldValue'\n\n\t\t\t\t\tclass='telephone  grunion-field' \n\t\t\t\t\trequired='true' aria-required='true'  \/>\n \n\t\t\t<div id=\"g588-tel-slo-tel-error\" class=\"contact-form__input-error\" data-wp-class--has-errors=\"state.fieldHasErrors\">\n\t\t\t\t<span class=\"contact-form__warning-icon\">\n\t\t\t\t\t<svg width=\"16\" height=\"16\" viewBox=\"0 0 16 16\" fill=\"none\" xmlns=\"http:\/\/www.w3.org\/2000\/svg\">\n\t\t\t\t\t\t<path d=\"M8.50015 11.6402H7.50015V10.6402H8.50015V11.6402Z\" \/>\n\t\t\t\t\t\t<path d=\"M7.50015 9.64018H8.50015V6.30684H7.50015V9.64018Z\" \/>\n\t\t\t\t\t\t<path fill-rule=\"evenodd\" clip-rule=\"evenodd\" d=\"M6.98331 3.0947C7.42933 2.30177 8.57096 2.30177 9.01698 3.09469L13.8771 11.7349C14.3145 12.5126 13.7525 13.4735 12.8602 13.4735H3.14004C2.24774 13.4735 1.68575 12.5126 2.12321 11.7349L6.98331 3.0947ZM8.14541 3.58496C8.08169 3.47168 7.9186 3.47168 7.85488 3.58496L2.99478 12.2251C2.93229 12.3362 3.01257 12.4735 3.14004 12.4735H12.8602C12.9877 12.4735 13.068 12.3362 13.0055 12.2251L8.14541 3.58496Z\" \/>\n\t\t\t\t\t<\/svg>\n\t\t\t\t\t<span class=\"visually-hidden\">Warning<\/span>\n\t\t\t\t<\/span>\n\t\t\t\t<span data-wp-text=\"state.errorMessage\" id=\"g588-tel-slo-tel-error-message\" role=\"alert\" aria-live=\"assertive\"><\/span>\n\t\t\t<\/div> \n\t<\/div>\n\n<div style=\"\"  data-wp-interactive=\"jetpack\/form\" data-wp-context='{\"fieldId\":\"g588-zprva\",\"fieldType\":\"textarea\",\"fieldLabel\":\"Zpr\\u00e1va\",\"fieldValue\":\"\",\"fieldPlaceholder\":\"\",\"fieldIsRequired\":\"1\",\"fieldErrorMessage\":\"\",\"fieldExtra\":[],\"formHash\":\"aca6cde84bd369cd7d9b4e4f3e26c523b91a4681\"}'  class='grunion-field-textarea-wrap grunion-field-wrap'  data-wp-init='callbacks.initializeField' data-wp-on--jetpack-form-reset='callbacks.initializeField' >\n<label\n\t\t\t\tfor='contact-form-comment-g588-zprva' class=\"grunion-field-label textarea\" >Zpr\u00e1va<span class=\"grunion-label-required\" aria-hidden=\"true\">(required)<\/span><\/label>\n<textarea\n\t\t                style=''\n\t\t                name='g588-zprva'\n\t\t                id='contact-form-comment-g588-zprva'\n\t\t                rows='20'\n\t\t\t\t\t\tdata-wp-text='state.getFieldValue'\n\t\t\t\t\t\tdata-wp-on--input='actions.onFieldChange'\n\t\t\t\t\t\tdata-wp-on--blur='actions.onFieldBlur'\n\t\t\t\t\t\tdata-wp-class--has-value='state.hasFieldValue'\n\t\t\t\t\t\tdata-wp-bind--aria-invalid='state.fieldHasErrors'\n\t\t\t\t\t\taria-errormessage='g588-zprva-textarea-error-message'\n\t\t\t\t\t\tclass='textarea  grunion-field'  required aria-required='true'><\/textarea>\n \n\t\t\t<div id=\"g588-zprva-textarea-error\" class=\"contact-form__input-error\" data-wp-class--has-errors=\"state.fieldHasErrors\">\n\t\t\t\t<span class=\"contact-form__warning-icon\">\n\t\t\t\t\t<svg width=\"16\" height=\"16\" viewBox=\"0 0 16 16\" fill=\"none\" xmlns=\"http:\/\/www.w3.org\/2000\/svg\">\n\t\t\t\t\t\t<path d=\"M8.50015 11.6402H7.50015V10.6402H8.50015V11.6402Z\" \/>\n\t\t\t\t\t\t<path d=\"M7.50015 9.64018H8.50015V6.30684H7.50015V9.64018Z\" \/>\n\t\t\t\t\t\t<path fill-rule=\"evenodd\" clip-rule=\"evenodd\" d=\"M6.98331 3.0947C7.42933 2.30177 8.57096 2.30177 9.01698 3.09469L13.8771 11.7349C14.3145 12.5126 13.7525 13.4735 12.8602 13.4735H3.14004C2.24774 13.4735 1.68575 12.5126 2.12321 11.7349L6.98331 3.0947ZM8.14541 3.58496C8.08169 3.47168 7.9186 3.47168 7.85488 3.58496L2.99478 12.2251C2.93229 12.3362 3.01257 12.4735 3.14004 12.4735H12.8602C12.9877 12.4735 13.068 12.3362 13.0055 12.2251L8.14541 3.58496Z\" \/>\n\t\t\t\t\t<\/svg>\n\t\t\t\t\t<span class=\"visually-hidden\">Warning<\/span>\n\t\t\t\t<\/span>\n\t\t\t\t<span data-wp-text=\"state.errorMessage\" id=\"g588-zprva-textarea-error-message\" role=\"alert\" aria-live=\"assertive\"><\/span>\n\t\t\t<\/div>\n\t<\/div>\n\t<p class='contact-submit'>\n<div class=\"contact-form__error\" data-wp-class--show-errors=\"state.showFormErrors\"><span class=\"contact-form__warning-icon\"><span class=\"visually-hidden\">Warning.<\/span><i aria-hidden=\"true\"><\/i><\/span>\n\t\t\t\t<span data-wp-text=\"state.getFormErrorMessage\"><\/span>\n\t\t\t\t<ul>\n\t\t\t\t<template data-wp-each=\"state.getErrorList\" data-wp-key=\"context.item.id\">\n\t\t\t\t\t<li><a data-wp-bind--href=\"context.item.anchor\" data-wp-on--click=\"actions.scrollIntoView\" data-wp-text=\"context.item.label\"><\/a><\/li>\n\t\t\t\t<\/template>\n\t\t\t\t<\/ul><\/div><div class=\"contact-form__error\" data-wp-class--show-errors=\"state.showSubmissionError\" data-wp-text=\"context.submissionError\"><\/div>\t\t<button type='submit' class='pushbutton-wide'>Potvrdit<\/button>\t\t<input type='hidden' name='contact-form-id' value='588' \/>\n\t\t<input type='hidden' name='action' value='grunion-contact-form' \/>\n\t\t<input type='hidden' name='contact-form-hash' value='aca6cde84bd369cd7d9b4e4f3e26c523b91a4681' \/>\n\t<\/p>\n<p style=\"display: none !important;\" class=\"akismet-fields-container\" data-prefix=\"ak_\"><label>&#916;<textarea name=\"ak_hp_textarea\" cols=\"45\" rows=\"8\" maxlength=\"100\"><\/textarea><\/label><input type=\"hidden\" id=\"ak_js_1\" name=\"ak_js\" value=\"45\"\/><script>document.getElementById( \"ak_js_1\" ).setAttribute( \"value\", ( new Date() ).getTime() );<\/script><\/p><\/form>\n<\/div>\n","protected":false},"excerpt":{"rendered":"","protected":false},"author":1,"featured_media":0,"parent":0,"menu_order":0,"comment_status":"closed","ping_status":"closed","template":"","meta":{"footnotes":""},"class_list":["post-588","page","type-page","status-publish","hentry"],"yoast_head":"<!-- This site is optimized with the Yoast SEO plugin v26.7 - https:\/\/yoast.com\/wordpress\/plugins\/seo\/ -->\n<title>Contact form - OHVALE<\/title>\n<meta name=\"description\" content=\"Jedin\u00fd ofici\u00e1ln\u00ed prodejce a dodavatel Ohvale motocykl\u016f a p\u0159\u00edslu\u0161enstv\u00ed v \u010cesk\u00e9 republice na Slovensku a Polsku.\" \/>\n<meta name=\"robots\" content=\"index, follow, max-snippet:-1, max-image-preview:large, max-video-preview:-1\" \/>\n<link rel=\"canonical\" href=\"https:\/\/shop.motopesek52.com\/en\/contact-form\/\" \/>\n<meta property=\"og:locale\" content=\"en_US\" \/>\n<meta property=\"og:type\" content=\"article\" \/>\n<meta property=\"og:title\" content=\"Contact form - OHVALE\" \/>\n<meta property=\"og:description\" content=\"Jedin\u00fd ofici\u00e1ln\u00ed prodejce a dodavatel Ohvale motocykl\u016f a p\u0159\u00edslu\u0161enstv\u00ed v \u010cesk\u00e9 republice na Slovensku a Polsku.\" \/>\n<meta property=\"og:url\" content=\"https:\/\/shop.motopesek52.com\/en\/contact-form\/\" \/>\n<meta property=\"og:site_name\" content=\"OHVALE\" \/>\n<meta property=\"article:modified_time\" content=\"2021-03-27T16:32:02+00:00\" \/>\n<meta property=\"og:image\" content=\"https:\/\/shop.motopesek52.com\/wp-content\/uploads\/2021\/03\/WhatsApp-Image-2021-03-26-at-09.05.56.jpeg\" \/>\n\t<meta property=\"og:image:width\" content=\"1024\" \/>\n\t<meta property=\"og:image:height\" content=\"1024\" \/>\n\t<meta property=\"og:image:type\" content=\"image\/jpeg\" \/>\n<meta name=\"twitter:card\" content=\"summary_large_image\" \/>\n<script type=\"application\/ld+json\" class=\"yoast-schema-graph\">{\"@context\":\"https:\/\/schema.org\",\"@graph\":[{\"@type\":\"WebPage\",\"@id\":\"https:\/\/shop.motopesek52.com\/en\/contact-form\/\",\"url\":\"https:\/\/shop.motopesek52.com\/en\/contact-form\/\",\"name\":\"Contact form - OHVALE\",\"isPartOf\":{\"@id\":\"https:\/\/shop.motopesek52.com\/en\/#website\"},\"datePublished\":\"2021-03-24T19:44:35+00:00\",\"dateModified\":\"2021-03-27T16:32:02+00:00\",\"description\":\"Jedin\u00fd ofici\u00e1ln\u00ed prodejce a dodavatel Ohvale motocykl\u016f a p\u0159\u00edslu\u0161enstv\u00ed v \u010cesk\u00e9 republice na Slovensku a Polsku.\",\"breadcrumb\":{\"@id\":\"https:\/\/shop.motopesek52.com\/en\/contact-form\/#breadcrumb\"},\"inLanguage\":\"en-US\",\"potentialAction\":[{\"@type\":\"ReadAction\",\"target\":[\"https:\/\/shop.motopesek52.com\/en\/contact-form\/\"]}]},{\"@type\":\"BreadcrumbList\",\"@id\":\"https:\/\/shop.motopesek52.com\/en\/contact-form\/#breadcrumb\",\"itemListElement\":[{\"@type\":\"ListItem\",\"position\":1,\"name\":\"Dom\u016f\",\"item\":\"https:\/\/shop.motopesek52.com\/en\/\"},{\"@type\":\"ListItem\",\"position\":2,\"name\":\"Contact form\"}]},{\"@type\":\"WebSite\",\"@id\":\"https:\/\/shop.motopesek52.com\/en\/#website\",\"url\":\"https:\/\/shop.motopesek52.com\/en\/\",\"name\":\"OHVALE\",\"description\":\"popis webu\",\"publisher\":{\"@id\":\"https:\/\/shop.motopesek52.com\/en\/#organization\"},\"potentialAction\":[{\"@type\":\"SearchAction\",\"target\":{\"@type\":\"EntryPoint\",\"urlTemplate\":\"https:\/\/shop.motopesek52.com\/en\/?s={search_term_string}\"},\"query-input\":{\"@type\":\"PropertyValueSpecification\",\"valueRequired\":true,\"valueName\":\"search_term_string\"}}],\"inLanguage\":\"en-US\"},{\"@type\":\"Organization\",\"@id\":\"https:\/\/shop.motopesek52.com\/en\/#organization\",\"name\":\"OHVALE\",\"url\":\"https:\/\/shop.motopesek52.com\/en\/\",\"logo\":{\"@type\":\"ImageObject\",\"inLanguage\":\"en-US\",\"@id\":\"https:\/\/shop.motopesek52.com\/en\/#\/schema\/logo\/image\/\",\"url\":\"https:\/\/shop.motopesek52.com\/wp-content\/uploads\/2021\/03\/WhatsApp-Image-2021-03-26-at-09.05.56.jpeg\",\"contentUrl\":\"https:\/\/shop.motopesek52.com\/wp-content\/uploads\/2021\/03\/WhatsApp-Image-2021-03-26-at-09.05.56.jpeg\",\"width\":1024,\"height\":1024,\"caption\":\"OHVALE\"},\"image\":{\"@id\":\"https:\/\/shop.motopesek52.com\/en\/#\/schema\/logo\/image\/\"}}]}<\/script>\n<!-- \/ Yoast SEO plugin. -->","yoast_head_json":{"title":"Contact form - OHVALE","description":"Jedin\u00fd ofici\u00e1ln\u00ed prodejce a dodavatel Ohvale motocykl\u016f a p\u0159\u00edslu\u0161enstv\u00ed v \u010cesk\u00e9 republice na Slovensku a Polsku.","robots":{"index":"index","follow":"follow","max-snippet":"max-snippet:-1","max-image-preview":"max-image-preview:large","max-video-preview":"max-video-preview:-1"},"canonical":"https:\/\/shop.motopesek52.com\/en\/contact-form\/","og_locale":"en_US","og_type":"article","og_title":"Contact form - OHVALE","og_description":"Jedin\u00fd ofici\u00e1ln\u00ed prodejce a dodavatel Ohvale motocykl\u016f a p\u0159\u00edslu\u0161enstv\u00ed v \u010cesk\u00e9 republice na Slovensku a Polsku.","og_url":"https:\/\/shop.motopesek52.com\/en\/contact-form\/","og_site_name":"OHVALE","article_modified_time":"2021-03-27T16:32:02+00:00","og_image":[{"width":1024,"height":1024,"url":"https:\/\/shop.motopesek52.com\/wp-content\/uploads\/2021\/03\/WhatsApp-Image-2021-03-26-at-09.05.56.jpeg","type":"image\/jpeg"}],"twitter_card":"summary_large_image","schema":{"@context":"https:\/\/schema.org","@graph":[{"@type":"WebPage","@id":"https:\/\/shop.motopesek52.com\/en\/contact-form\/","url":"https:\/\/shop.motopesek52.com\/en\/contact-form\/","name":"Contact form - OHVALE","isPartOf":{"@id":"https:\/\/shop.motopesek52.com\/en\/#website"},"datePublished":"2021-03-24T19:44:35+00:00","dateModified":"2021-03-27T16:32:02+00:00","description":"Jedin\u00fd ofici\u00e1ln\u00ed prodejce a dodavatel Ohvale motocykl\u016f a p\u0159\u00edslu\u0161enstv\u00ed v \u010cesk\u00e9 republice na Slovensku a Polsku.","breadcrumb":{"@id":"https:\/\/shop.motopesek52.com\/en\/contact-form\/#breadcrumb"},"inLanguage":"en-US","potentialAction":[{"@type":"ReadAction","target":["https:\/\/shop.motopesek52.com\/en\/contact-form\/"]}]},{"@type":"BreadcrumbList","@id":"https:\/\/shop.motopesek52.com\/en\/contact-form\/#breadcrumb","itemListElement":[{"@type":"ListItem","position":1,"name":"Dom\u016f","item":"https:\/\/shop.motopesek52.com\/en\/"},{"@type":"ListItem","position":2,"name":"Contact form"}]},{"@type":"WebSite","@id":"https:\/\/shop.motopesek52.com\/en\/#website","url":"https:\/\/shop.motopesek52.com\/en\/","name":"OHVALE","description":"popis webu","publisher":{"@id":"https:\/\/shop.motopesek52.com\/en\/#organization"},"potentialAction":[{"@type":"SearchAction","target":{"@type":"EntryPoint","urlTemplate":"https:\/\/shop.motopesek52.com\/en\/?s={search_term_string}"},"query-input":{"@type":"PropertyValueSpecification","valueRequired":true,"valueName":"search_term_string"}}],"inLanguage":"en-US"},{"@type":"Organization","@id":"https:\/\/shop.motopesek52.com\/en\/#organization","name":"OHVALE","url":"https:\/\/shop.motopesek52.com\/en\/","logo":{"@type":"ImageObject","inLanguage":"en-US","@id":"https:\/\/shop.motopesek52.com\/en\/#\/schema\/logo\/image\/","url":"https:\/\/shop.motopesek52.com\/wp-content\/uploads\/2021\/03\/WhatsApp-Image-2021-03-26-at-09.05.56.jpeg","contentUrl":"https:\/\/shop.motopesek52.com\/wp-content\/uploads\/2021\/03\/WhatsApp-Image-2021-03-26-at-09.05.56.jpeg","width":1024,"height":1024,"caption":"OHVALE"},"image":{"@id":"https:\/\/shop.motopesek52.com\/en\/#\/schema\/logo\/image\/"}}]}},"jetpack_sharing_enabled":true,"_links":{"self":[{"href":"https:\/\/shop.motopesek52.com\/en\/wp-json\/wp\/v2\/pages\/588","targetHints":{"allow":["GET"]}}],"collection":[{"href":"https:\/\/shop.motopesek52.com\/en\/wp-json\/wp\/v2\/pages"}],"about":[{"href":"https:\/\/shop.motopesek52.com\/en\/wp-json\/wp\/v2\/types\/page"}],"author":[{"embeddable":true,"href":"https:\/\/shop.motopesek52.com\/en\/wp-json\/wp\/v2\/users\/1"}],"replies":[{"embeddable":true,"href":"https:\/\/shop.motopesek52.com\/en\/wp-json\/wp\/v2\/comments?post=588"}],"version-history":[{"count":1,"href":"https:\/\/shop.motopesek52.com\/en\/wp-json\/wp\/v2\/pages\/588\/revisions"}],"predecessor-version":[{"id":589,"href":"https:\/\/shop.motopesek52.com\/en\/wp-json\/wp\/v2\/pages\/588\/revisions\/589"}],"wp:attachment":[{"href":"https:\/\/shop.motopesek52.com\/en\/wp-json\/wp\/v2\/media?parent=588"}],"curies":[{"name":"wp","href":"https:\/\/api.w.org\/{rel}","templated":true}]}}