{"id":41,"date":"2020-06-21T15:24:14","date_gmt":"2020-06-21T13:24:14","guid":{"rendered":"http:\/\/beta.ohvaleczech.com\/?page_id=41"},"modified":"2021-03-27T18:13:09","modified_gmt":"2021-03-27T16:13:09","slug":"zasady-ochrany-osobnich-udaju","status":"publish","type":"page","link":"https:\/\/shop.motopesek52.com\/cs\/zasady-ochrany-osobnich-udaju\/","title":{"rendered":"Z\u00e1sady ochrany osobn\u00edch \u00fadaj\u016f"},"content":{"rendered":"\r\n<p><strong>Obchodn\u00ed spole\u010dnost <\/strong><strong>LP<\/strong><strong>52<\/strong><strong> s.r.o., se s\u00eddlem Sp<\/strong><strong>\u00e1len\u00e1 <\/strong><strong>92\/21, 11000 Praha 1 \u2013 Nov\u00e9 M\u011bsto, I\u010c:06894461, DI\u010c:CZ06894461, zapsan\u00e9 v obchodn\u00edm rejst\u0159\u00edku veden\u00e9m u\u00a0M\u011bstsk\u00e9ho soudu v\u00a0Praze, odd\u00edl\u00a0C, vlo\u017eka<\/strong> <strong>290899<\/strong><strong> (d\u00e1le jen \u201espr\u00e1vce\u00a0\u201c) t\u00edmto v\u00a0souladu s\u00a0ustanoven\u00edm \u010dl\u00e1nku 12 a n\u00e1sl. Na\u0159\u00edzen\u00ed Evropsk\u00e9ho parlamentu a Rady (EU) 2016\/679 \u00fa\u010dinn\u00e9ho od 25.5.2018 (dale jen \u201cGDPR\u201d) informuje sv\u00e9 z\u00e1kazn\u00edky o zpracov\u00e1n\u00ed jejich osobn\u00edch \u00fadaj\u016f v p\u0159\u00edpad\u011b, \u017ee vyu\u017eij\u00ed jejich slu\u017eeb.<\/strong><\/p>\r\n<p>Ve\u0161ker\u00e9 osobn\u00ed \u00fadaje jsou pova\u017eov\u00e1ny za p\u0159\u00edsn\u011b d\u016fv\u011brn\u00e9 a je s nimi nakl\u00e1d\u00e1no v souladu s GDPR.<\/p>\r\n<p>\u00a0<strong>OSOBN\u00cd \u00daDAJE<\/strong><\/p>\r\n<p>Osobn\u00ed \u00fadaje jsou zpracov\u00e1ny v rozsahu: jm\u00e9no, p\u0159\u00edjmen\u00ed, e-mailov\u00e1 adresa, dodac\u00ed\/faktura\u010dn\u00ed adresa (ulice a \u010d\u00edslo orienta\u010dn\u00ed, m\u011bsto, PS\u010c), telefon, I\u010cO, DI\u010c, n\u00e1zev firmy, p\u0159\u00edpadn\u011b \u010d\u00edslo bankovn\u00ed \u00fa\u010dtu.<\/p>\r\n<p><strong>\u00da\u010cEL ZPRACOV\u00c1N\u00cd<\/strong><\/p>\r\n<p>Osobn\u00ed \u00fadaje jsou zpracov\u00e1ny za \u00fa\u010delem napln\u011bn\u00ed smluvn\u00edch povinnost\u00ed na z\u00e1klad\u011b uzav\u0159en\u00e9 kupn\u00ed smlouvy v\u010detn\u011b p\u0159\u00edpadn\u00fdch reklamac\u00ed a jin\u00fdch z\u00e1vazk\u016f vznikl\u00fdch na z\u00e1klad\u011b kupn\u00ed smlouvy.<\/p>\r\n<p>Osobn\u00ed \u00fadaje jsou dale zpracov\u00e1ny \u00a0za \u00fa\u010delem spln\u011bn\u00ed z\u00e1konn\u00fdch povinnost\u00ed spr\u00e1vce (zejm\u00e1na da\u0148ov\u00fdch).<\/p>\r\n<p>Pokud jste spr\u00e1vci poskytli souhlas k pou\u017eit\u00ed Va\u0161\u00ed emailov\u00e9 adresy k marketingov\u00fdm \u00fa\u010del\u016fm, je tento osobn\u00ed \u00fadaj zpracov\u00e1n za \u00fa\u010delem marketinov\u00fdch c\u00edl\u016f a informov\u00e1n\u00ed z\u00e1kazn\u00edk\u016f o nov\u00e9m zbo\u017e\u00ed, o akc\u00edch apod. \u00a0Souhlas se zpracov\u00e1n\u00edm lze v\u017edy odvolat zasl\u00e1n\u00edm \u017e\u00e1dosti na e-mail:\u00a0<a href=\"mailto:info@motopesek52.com\">info@motopesek52.com<\/a><\/p>\r\n<p><strong>P\u0158\u00cdJEMCI OSOBN\u00cdCH \u00daDAJ\u016e<\/strong><\/p>\r\n<p>Va\u0161e osobn\u00ed \u00fadaje nebudou p\u0159ed\u00e1v\u00e1ny \u017e\u00e1dn\u00fdm t\u0159et\u00edm osob\u00e1m s\u00a0v\u00fdjimkou: IT specialist\u016f, zaji\u0161\u0165uj\u00edc\u00edm provoz webu motopesek52.com, \u00a0dopravc\u016f v p\u0159\u00edpad\u011b zasl\u00e1n\u00ed zbo\u017e\u00ed a poskytovatel\u016f platebn\u00edch slu\u017eeb.<\/p>\r\n<p><strong>POVINNOST POSKYTNOUT OSOBN\u00cd \u00daDAJE<\/strong><\/p>\r\n<p>Osobn\u00ed \u00fadaje je nezbytn\u00e9 spr\u00e1vci poskytnout za \u00fa\u010delem pln\u011bn\u00ed pr\u00e1v a povinnost\u00ed vypl\u00fdvaj\u00edc\u00edch z obsahu uzav\u0159en\u00e9 smlouvy. Z\u00e1kazn\u00edk je povinen sv\u00e9 osobn\u00ed uv\u00e1d\u011bt spr\u00e1vn\u011b a pravdiv\u011b, a je povinen bez zbyte\u010dn\u00e9ho odkladu informovat spr\u00e1vce o zm\u011bn\u011b sv\u00fdch osobn\u00edch \u00fadaj\u016f. Zm\u011bny v osobn\u00edch \u00fadaj\u00edch lze sd\u011blit spr\u00e1vci ozn\u00e1men\u00edm zm\u011bn osobn\u00edch \u00fadaj\u016f na adresu spr\u00e1vce\u00a0<a href=\"mailto:obchod@ducati-czech.cz\">info@motopesek52.com<\/a>.<\/p>\r\n<p>&nbsp;<\/p>\r\n<p><strong>DOBA ZPRACOV\u00c1N\u00cd<\/strong><\/p>\r\n<p>Osobn\u00ed \u00fadaje budou uchov\u00e1ny po dobu 3 let od uzav\u0159en\u00ed kupn\u00ed smlouvy, p\u0159\u00edpadn\u011b od posledn\u00ed realizovan\u00e9 reklamace. V p\u0159\u00edpad\u011b poskytnut\u00ed Va\u0161eho souhlasu se zasl\u00e1n\u00edm newsletter, bude Va\u0161e emailov\u00e1 adresa uchov\u00e1v\u00e1na op\u011bt po dobu 3 let od posledn\u00ed proveden\u00e9 objedn\u00e1vky.<\/p>\r\n<p>V p\u0159\u00edpad\u011b, \u017ee pr\u00e1vn\u00ed p\u0159edpisy ukl\u00e1daj\u00ed uchov\u00e1vat n\u011bkter\u00e9 osobn\u00ed \u00fadaje del\u0161\u00ed dobu, je doba pro uchov\u00e1n\u00ed va\u0161ich osobn\u00edch \u00fadaj\u016f stanovena t\u011bmito p\u0159edpisy.<\/p>\r\n<p><strong>POU\u010cEN\u00cd SUBJEKTU \u00daDAJ\u016e<\/strong><\/p>\r\n<p>Z\u00e1kazn\u00edk m\u00e1 v\u016f\u010di spr\u00e1vci zejm\u00e9na pr\u00e1vo na:<\/p>\r\n<ol>\r\n<li>p\u0159\u00edstup k osobn\u00edm \u00fadaj\u016fm, kter\u00e9 se ho t\u00fdkaj\u00ed v\u010d. poskytnut\u00ed kopie zpracov\u00e1van\u00fdch osobn\u00edch \u00fadaj\u016f. Spr\u00e1vce m\u00e1 pr\u00e1vo za poskytnut\u00ed druh\u00e9 a dal\u0161\u00ed kopie zpracov\u00e1van\u00fdch osobn\u00edch \u00fadaj\u016f po\u017eadovat p\u0159im\u011b\u0159enou \u00fahradu nep\u0159evy\u0161uj\u00edc\u00ed administrativn\u00ed n\u00e1klady nezbytn\u00e9 na poskytnut\u00ed informace.<\/li>\r\n<li>opravu nep\u0159esn\u00fdch osobn\u00edch \u00fadaj\u016f, kter\u00e9 se ho t\u00fdkaj\u00ed,<\/li>\r\n<li>v\u00fdmaz osobn\u00edch \u00fadaj\u016f, kter\u00e9 se ho t\u00fdkaj\u00ed (pr\u00e1vo b\u00fdt zapomenut),<\/li>\r\n<li>omezen\u00ed zpracov\u00e1n\u00ed \u00fadaj\u016f, kter\u00e9 se ho t\u00fdkaj\u00ed,<\/li>\r\n<li>vznesen\u00ed n\u00e1mitky proti zpracov\u00e1n\u00ed osobn\u00edch \u00fadaj\u016f, kter\u00e9 se ho t\u00fdkaj\u00ed,<\/li>\r\n<li>p\u0159enositelnost \u00fadaj\u016f, kter\u00e9 se ho t\u00fdkaj\u00ed, k jin\u00e9mu spr\u00e1vci,<\/li>\r\n<li>odvol\u00e1n\u00ed souhlasu se zpracov\u00e1n\u00edm osobn\u00edch \u00fadaj\u016f, ani\u017e by takov\u00fdm odvol\u00e1n\u00edm byla dot\u010dena z\u00e1konnost zpracov\u00e1n\u00ed zalo\u017een\u00e1 na souhlasu ud\u011blen\u00e9m p\u0159ed jeho odvol\u00e1n\u00edm,<\/li>\r\n<li>podat st\u00ed\u017enost u dozorov\u00e9ho \u00fa\u0159adu (\u00da\u0159adu pro ochranu osobn\u00edch \u00fadaj\u016f),<\/li>\r\n<li>ozn\u00e1men\u00ed poru\u0161en\u00ed zabezpe\u010den\u00ed osobn\u00edch \u00fadaj\u016f, jsou-li pro toto ozn\u00e1men\u00ed spln\u011bny z\u00e1konn\u00e9 podm\u00ednky, zejm\u00e9na hroz\u00ed-li vysok\u00e9 riziko pro pr\u00e1va a svobody subjektu \u00fadaj\u016f.<\/li>\r\n<\/ol>\r\n<p>P\u0159i uplat\u0148ov\u00e1n\u00ed sv\u00fdch pr\u00e1v je z\u00e1kazn\u00edk povinen kontaktovat spr\u00e1vce bu\u010f prost\u0159ednictv\u00edm sv\u00e9ho u\u017eivatelsk\u00e9ho \u00fa\u010dtu, nebo ozn\u00e1men\u00edm na adresu spr\u00e1vce\u00a0<strong>info@motopesek52.com<\/strong><\/p>\r\n<p><strong>KONTAKTN\u00cd \u00daDAJE SPR\u00c1VCE:<\/strong><\/p>\r\n<p><span style=\"font-size: 12pt;\">LP52 s.r.o.<\/span><\/p>\r\n<p><span style=\"font-size: 12pt;\">Sp\u00e1len\u00e1 92\/21<\/span><\/p>\r\n<p><span style=\"font-size: 12pt;\">11000 Praha 1 \u2013 Nov\u00e9 M\u011bsto<\/span><\/p>\r\n<p><span style=\"font-size: 12pt;\">tel.: +420\u00a0733 211 755<\/span><\/p>\r\n<p><span style=\"font-size: 12pt;\">e-mail:\u00a0<a href=\"mailto:info@motopesek52.com\">info@motopesek52.com<\/a><\/span><\/p>\r\n","protected":false},"excerpt":{"rendered":"<p>Obchodn\u00ed spole\u010dnost LP52 s.r.o., se s\u00eddlem Sp\u00e1len\u00e1 92\/21, 11000 Praha 1 \u2013 Nov\u00e9 M\u011bsto, I\u010c:06894461, DI\u010c:CZ06894461, zapsan\u00e9 v obchodn\u00edm rejst\u0159\u00edku veden\u00e9m u\u00a0M\u011bstsk\u00e9ho soudu v\u00a0Praze, odd\u00edl\u00a0C, vlo\u017eka 290899 (d\u00e1le jen \u201espr\u00e1vce\u00a0\u201c) t\u00edmto v\u00a0souladu s\u00a0ustanoven\u00edm \u010dl\u00e1nku 12 a n\u00e1sl. Na\u0159\u00edzen\u00ed Evropsk\u00e9ho parlamentu a Rady (EU) 2016\/679 \u00fa\u010dinn\u00e9ho od 25.5.2018 (dale jen \u201cGDPR\u201d) informuje sv\u00e9 z\u00e1kazn\u00edky o zpracov\u00e1n\u00ed [&hellip;]<\/p>\n","protected":false},"author":1,"featured_media":0,"parent":0,"menu_order":0,"comment_status":"closed","ping_status":"closed","template":"","meta":{"footnotes":""},"class_list":["post-41","page","type-page","status-publish","hentry"],"yoast_head":"<!-- This site is optimized with the Yoast SEO plugin v26.7 - https:\/\/yoast.com\/wordpress\/plugins\/seo\/ -->\n<title>Z\u00e1sady ochrany osobn\u00edch \u00fadaj\u016f - OHVALE<\/title>\n<meta name=\"description\" content=\"Jedin\u00fd ofici\u00e1ln\u00ed prodejce a dodavatel Ohvale motocykl\u016f a p\u0159\u00edslu\u0161enstv\u00ed v \u010cesk\u00e9 republice na Slovensku a Polsku.\" \/>\n<meta name=\"robots\" content=\"index, follow, max-snippet:-1, max-image-preview:large, max-video-preview:-1\" \/>\n<link rel=\"canonical\" href=\"https:\/\/shop.motopesek52.com\/cs\/zasady-ochrany-osobnich-udaju\/\" \/>\n<meta property=\"og:locale\" content=\"cs_CZ\" \/>\n<meta property=\"og:type\" content=\"article\" \/>\n<meta property=\"og:title\" content=\"Z\u00e1sady ochrany osobn\u00edch \u00fadaj\u016f - OHVALE\" \/>\n<meta property=\"og:description\" content=\"Jedin\u00fd ofici\u00e1ln\u00ed prodejce a dodavatel Ohvale motocykl\u016f a p\u0159\u00edslu\u0161enstv\u00ed v \u010cesk\u00e9 republice na Slovensku a Polsku.\" \/>\n<meta property=\"og:url\" content=\"https:\/\/shop.motopesek52.com\/cs\/zasady-ochrany-osobnich-udaju\/\" \/>\n<meta property=\"og:site_name\" content=\"OHVALE\" \/>\n<meta property=\"article:modified_time\" content=\"2021-03-27T16:13:09+00:00\" \/>\n<meta property=\"og:image\" content=\"https:\/\/shop.motopesek52.com\/wp-content\/uploads\/2021\/03\/WhatsApp-Image-2021-03-26-at-09.05.56.jpeg\" \/>\n\t<meta property=\"og:image:width\" content=\"1024\" \/>\n\t<meta property=\"og:image:height\" content=\"1024\" \/>\n\t<meta property=\"og:image:type\" content=\"image\/jpeg\" \/>\n<meta name=\"twitter:card\" content=\"summary_large_image\" \/>\n<meta name=\"twitter:label1\" content=\"Odhadovan\u00e1 doba \u010dten\u00ed\" \/>\n\t<meta name=\"twitter:data1\" content=\"3 minuty\" \/>\n<script type=\"application\/ld+json\" class=\"yoast-schema-graph\">{\"@context\":\"https:\/\/schema.org\",\"@graph\":[{\"@type\":\"WebPage\",\"@id\":\"https:\/\/shop.motopesek52.com\/cs\/zasady-ochrany-osobnich-udaju\/\",\"url\":\"https:\/\/shop.motopesek52.com\/cs\/zasady-ochrany-osobnich-udaju\/\",\"name\":\"Z\u00e1sady ochrany osobn\u00edch \u00fadaj\u016f - OHVALE\",\"isPartOf\":{\"@id\":\"https:\/\/shop.motopesek52.com\/cs\/#website\"},\"datePublished\":\"2020-06-21T13:24:14+00:00\",\"dateModified\":\"2021-03-27T16:13:09+00:00\",\"description\":\"Jedin\u00fd ofici\u00e1ln\u00ed prodejce a dodavatel Ohvale motocykl\u016f a p\u0159\u00edslu\u0161enstv\u00ed v \u010cesk\u00e9 republice na Slovensku a Polsku.\",\"breadcrumb\":{\"@id\":\"https:\/\/shop.motopesek52.com\/cs\/zasady-ochrany-osobnich-udaju\/#breadcrumb\"},\"inLanguage\":\"cs\",\"potentialAction\":[{\"@type\":\"ReadAction\",\"target\":[\"https:\/\/shop.motopesek52.com\/cs\/zasady-ochrany-osobnich-udaju\/\"]}]},{\"@type\":\"BreadcrumbList\",\"@id\":\"https:\/\/shop.motopesek52.com\/cs\/zasady-ochrany-osobnich-udaju\/#breadcrumb\",\"itemListElement\":[{\"@type\":\"ListItem\",\"position\":1,\"name\":\"Dom\u016f\",\"item\":\"https:\/\/shop.motopesek52.com\/cs\/\"},{\"@type\":\"ListItem\",\"position\":2,\"name\":\"Z\u00e1sady ochrany osobn\u00edch \u00fadaj\u016f\"}]},{\"@type\":\"WebSite\",\"@id\":\"https:\/\/shop.motopesek52.com\/cs\/#website\",\"url\":\"https:\/\/shop.motopesek52.com\/cs\/\",\"name\":\"OHVALE\",\"description\":\"popis webu\",\"publisher\":{\"@id\":\"https:\/\/shop.motopesek52.com\/cs\/#organization\"},\"potentialAction\":[{\"@type\":\"SearchAction\",\"target\":{\"@type\":\"EntryPoint\",\"urlTemplate\":\"https:\/\/shop.motopesek52.com\/cs\/?s={search_term_string}\"},\"query-input\":{\"@type\":\"PropertyValueSpecification\",\"valueRequired\":true,\"valueName\":\"search_term_string\"}}],\"inLanguage\":\"cs\"},{\"@type\":\"Organization\",\"@id\":\"https:\/\/shop.motopesek52.com\/cs\/#organization\",\"name\":\"OHVALE\",\"url\":\"https:\/\/shop.motopesek52.com\/cs\/\",\"logo\":{\"@type\":\"ImageObject\",\"inLanguage\":\"cs\",\"@id\":\"https:\/\/shop.motopesek52.com\/cs\/#\/schema\/logo\/image\/\",\"url\":\"https:\/\/shop.motopesek52.com\/wp-content\/uploads\/2021\/03\/WhatsApp-Image-2021-03-26-at-09.05.56.jpeg\",\"contentUrl\":\"https:\/\/shop.motopesek52.com\/wp-content\/uploads\/2021\/03\/WhatsApp-Image-2021-03-26-at-09.05.56.jpeg\",\"width\":1024,\"height\":1024,\"caption\":\"OHVALE\"},\"image\":{\"@id\":\"https:\/\/shop.motopesek52.com\/cs\/#\/schema\/logo\/image\/\"}}]}<\/script>\n<!-- \/ Yoast SEO plugin. -->","yoast_head_json":{"title":"Z\u00e1sady ochrany osobn\u00edch \u00fadaj\u016f - OHVALE","description":"Jedin\u00fd ofici\u00e1ln\u00ed prodejce a dodavatel Ohvale motocykl\u016f a p\u0159\u00edslu\u0161enstv\u00ed v \u010cesk\u00e9 republice na Slovensku a Polsku.","robots":{"index":"index","follow":"follow","max-snippet":"max-snippet:-1","max-image-preview":"max-image-preview:large","max-video-preview":"max-video-preview:-1"},"canonical":"https:\/\/shop.motopesek52.com\/cs\/zasady-ochrany-osobnich-udaju\/","og_locale":"cs_CZ","og_type":"article","og_title":"Z\u00e1sady ochrany osobn\u00edch \u00fadaj\u016f - OHVALE","og_description":"Jedin\u00fd ofici\u00e1ln\u00ed prodejce a dodavatel Ohvale motocykl\u016f a p\u0159\u00edslu\u0161enstv\u00ed v \u010cesk\u00e9 republice na Slovensku a Polsku.","og_url":"https:\/\/shop.motopesek52.com\/cs\/zasady-ochrany-osobnich-udaju\/","og_site_name":"OHVALE","article_modified_time":"2021-03-27T16:13:09+00:00","og_image":[{"width":1024,"height":1024,"url":"https:\/\/shop.motopesek52.com\/wp-content\/uploads\/2021\/03\/WhatsApp-Image-2021-03-26-at-09.05.56.jpeg","type":"image\/jpeg"}],"twitter_card":"summary_large_image","twitter_misc":{"Odhadovan\u00e1 doba \u010dten\u00ed":"3 minuty"},"schema":{"@context":"https:\/\/schema.org","@graph":[{"@type":"WebPage","@id":"https:\/\/shop.motopesek52.com\/cs\/zasady-ochrany-osobnich-udaju\/","url":"https:\/\/shop.motopesek52.com\/cs\/zasady-ochrany-osobnich-udaju\/","name":"Z\u00e1sady ochrany osobn\u00edch \u00fadaj\u016f - OHVALE","isPartOf":{"@id":"https:\/\/shop.motopesek52.com\/cs\/#website"},"datePublished":"2020-06-21T13:24:14+00:00","dateModified":"2021-03-27T16:13:09+00:00","description":"Jedin\u00fd ofici\u00e1ln\u00ed prodejce a dodavatel Ohvale motocykl\u016f a p\u0159\u00edslu\u0161enstv\u00ed v \u010cesk\u00e9 republice na Slovensku a Polsku.","breadcrumb":{"@id":"https:\/\/shop.motopesek52.com\/cs\/zasady-ochrany-osobnich-udaju\/#breadcrumb"},"inLanguage":"cs","potentialAction":[{"@type":"ReadAction","target":["https:\/\/shop.motopesek52.com\/cs\/zasady-ochrany-osobnich-udaju\/"]}]},{"@type":"BreadcrumbList","@id":"https:\/\/shop.motopesek52.com\/cs\/zasady-ochrany-osobnich-udaju\/#breadcrumb","itemListElement":[{"@type":"ListItem","position":1,"name":"Dom\u016f","item":"https:\/\/shop.motopesek52.com\/cs\/"},{"@type":"ListItem","position":2,"name":"Z\u00e1sady ochrany osobn\u00edch \u00fadaj\u016f"}]},{"@type":"WebSite","@id":"https:\/\/shop.motopesek52.com\/cs\/#website","url":"https:\/\/shop.motopesek52.com\/cs\/","name":"OHVALE","description":"popis webu","publisher":{"@id":"https:\/\/shop.motopesek52.com\/cs\/#organization"},"potentialAction":[{"@type":"SearchAction","target":{"@type":"EntryPoint","urlTemplate":"https:\/\/shop.motopesek52.com\/cs\/?s={search_term_string}"},"query-input":{"@type":"PropertyValueSpecification","valueRequired":true,"valueName":"search_term_string"}}],"inLanguage":"cs"},{"@type":"Organization","@id":"https:\/\/shop.motopesek52.com\/cs\/#organization","name":"OHVALE","url":"https:\/\/shop.motopesek52.com\/cs\/","logo":{"@type":"ImageObject","inLanguage":"cs","@id":"https:\/\/shop.motopesek52.com\/cs\/#\/schema\/logo\/image\/","url":"https:\/\/shop.motopesek52.com\/wp-content\/uploads\/2021\/03\/WhatsApp-Image-2021-03-26-at-09.05.56.jpeg","contentUrl":"https:\/\/shop.motopesek52.com\/wp-content\/uploads\/2021\/03\/WhatsApp-Image-2021-03-26-at-09.05.56.jpeg","width":1024,"height":1024,"caption":"OHVALE"},"image":{"@id":"https:\/\/shop.motopesek52.com\/cs\/#\/schema\/logo\/image\/"}}]}},"jetpack_sharing_enabled":true,"_links":{"self":[{"href":"https:\/\/shop.motopesek52.com\/cs\/wp-json\/wp\/v2\/pages\/41","targetHints":{"allow":["GET"]}}],"collection":[{"href":"https:\/\/shop.motopesek52.com\/cs\/wp-json\/wp\/v2\/pages"}],"about":[{"href":"https:\/\/shop.motopesek52.com\/cs\/wp-json\/wp\/v2\/types\/page"}],"author":[{"embeddable":true,"href":"https:\/\/shop.motopesek52.com\/cs\/wp-json\/wp\/v2\/users\/1"}],"replies":[{"embeddable":true,"href":"https:\/\/shop.motopesek52.com\/cs\/wp-json\/wp\/v2\/comments?post=41"}],"version-history":[{"count":4,"href":"https:\/\/shop.motopesek52.com\/cs\/wp-json\/wp\/v2\/pages\/41\/revisions"}],"predecessor-version":[{"id":430,"href":"https:\/\/shop.motopesek52.com\/cs\/wp-json\/wp\/v2\/pages\/41\/revisions\/430"}],"wp:attachment":[{"href":"https:\/\/shop.motopesek52.com\/cs\/wp-json\/wp\/v2\/media?parent=41"}],"curies":[{"name":"wp","href":"https:\/\/api.w.org\/{rel}","templated":true}]}}